{"id":4791,"date":"2020-02-03T12:32:55","date_gmt":"2020-02-03T12:32:55","guid":{"rendered":"https:\/\/staging.parknfly.ca\/corporate-registration-thank-you\/"},"modified":"2020-03-10T02:25:56","modified_gmt":"2020-03-10T02:25:56","slug":"inscription-corporatif-merci","status":"publish","type":"page","link":"https:\/\/staging-admin.parknfly.ca\/fr\/inscription-corporatif-merci\/","title":{"rendered":"Inscription Corporatif &#8211; Merci"},"content":{"rendered":"\t\t<div data-elementor-type=\"wp-post\" data-elementor-id=\"4791\" class=\"elementor elementor-4791 elementor-3920\" data-elementor-post-type=\"page\">\n\t\t\t\t\t\t<section class=\"elementor-section elementor-top-section elementor-element elementor-element-d8a7a3d elementor-section-height-min-height elementor-section-items-top elementor-section-stretched elementor-section-boxed elementor-section-height-default\" data-id=\"d8a7a3d\" data-element_type=\"section\" data-settings=\"{&quot;background_background&quot;:&quot;classic&quot;,&quot;stretch_section&quot;:&quot;section-stretched&quot;}\">\n\t\t\t\t\t\t\t<div class=\"elementor-background-overlay\"><\/div>\n\t\t\t\t\t\t\t<div class=\"elementor-container elementor-column-gap-default\">\n\t\t\t\t\t<div class=\"elementor-column elementor-col-100 elementor-top-column elementor-element elementor-element-5ef974d\" data-id=\"5ef974d\" data-element_type=\"column\">\n\t\t\t<div class=\"elementor-widget-wrap elementor-element-populated\">\n\t\t\t\t\t\t<section class=\"elementor-section elementor-inner-section elementor-element elementor-element-5c1efdb elementor-section-full_width elementor-section-content-top elementor-section-height-default elementor-section-height-default\" data-id=\"5c1efdb\" data-element_type=\"section\">\n\t\t\t\t\t\t<div class=\"elementor-container elementor-column-gap-default\">\n\t\t\t\t\t<div class=\"elementor-column elementor-col-50 elementor-inner-column elementor-element elementor-element-1e1f323\" data-id=\"1e1f323\" data-element_type=\"column\">\n\t\t\t<div class=\"elementor-widget-wrap elementor-element-populated\">\n\t\t\t\t\t\t<div class=\"elementor-element elementor-element-bc9479f elementor-widget elementor-widget-heading\" data-id=\"bc9479f\" data-element_type=\"widget\" data-widget_type=\"heading.default\">\n\t\t\t\t<div class=\"elementor-widget-container\">\n\t\t\t<h1 class=\"elementor-heading-title elementor-size-default\">Programme Corporatif d\u2019\u00c9conomies<\/h1>\t\t<\/div>\n\t\t\t\t<\/div>\n\t\t\t\t<div class=\"elementor-element elementor-element-024c534 elementor-widget elementor-widget-text-editor\" data-id=\"024c534\" data-element_type=\"widget\" data-widget_type=\"text-editor.default\">\n\t\t\t\t<div class=\"elementor-widget-container\">\n\t\t\t\t\t\t\tLe Programme Corporatif d\u2019\u00c9conomies de Park\u2019N Fly facilite la r\u00e9duction des frais de voyage d\u2019une compagnie. Le programme offre des \u00e9conomies exclusives \u00e0 tous nos emplacements Park\u2019N Fly du Canada.\t\t\t\t\t\t<\/div>\n\t\t\t\t<\/div>\n\t\t\t\t\t<\/div>\n\t\t<\/div>\n\t\t\t\t<div class=\"elementor-column elementor-col-50 elementor-inner-column elementor-element elementor-element-2f25d52 elementor-hidden-tablet elementor-hidden-phone\" data-id=\"2f25d52\" data-element_type=\"column\">\n\t\t\t<div class=\"elementor-widget-wrap\">\n\t\t\t\t\t\t\t<\/div>\n\t\t<\/div>\n\t\t\t\t\t<\/div>\n\t\t<\/section>\n\t\t\t\t\t<\/div>\n\t\t<\/div>\n\t\t\t\t\t<\/div>\n\t\t<\/section>\n\t\t\t\t<section class=\"elementor-section elementor-top-section elementor-element elementor-element-97aed5b elementor-section-boxed elementor-section-height-default elementor-section-height-default\" data-id=\"97aed5b\" data-element_type=\"section\" data-settings=\"{&quot;background_background&quot;:&quot;classic&quot;}\">\n\t\t\t\t\t\t<div class=\"elementor-container elementor-column-gap-default\">\n\t\t\t\t\t<div class=\"elementor-column elementor-col-100 elementor-top-column elementor-element elementor-element-07a81c8\" data-id=\"07a81c8\" data-element_type=\"column\">\n\t\t\t<div class=\"elementor-widget-wrap elementor-element-populated\">\n\t\t\t\t\t\t<section class=\"elementor-section elementor-inner-section elementor-element elementor-element-c01988a elementor-section-boxed elementor-section-height-default elementor-section-height-default\" data-id=\"c01988a\" data-element_type=\"section\">\n\t\t\t\t\t\t<div class=\"elementor-container elementor-column-gap-default\">\n\t\t\t\t\t<div class=\"elementor-column elementor-col-50 elementor-inner-column elementor-element elementor-element-14b94da\" data-id=\"14b94da\" data-element_type=\"column\">\n\t\t\t<div class=\"elementor-widget-wrap elementor-element-populated\">\n\t\t\t\t\t\t<div class=\"elementor-element elementor-element-32c4e1c elementor-widget elementor-widget-heading\" data-id=\"32c4e1c\" data-element_type=\"widget\" data-widget_type=\"heading.default\">\n\t\t\t\t<div class=\"elementor-widget-container\">\n\t\t\t<h2 class=\"elementor-heading-title elementor-size-default\">Merci de vous \u00eatre inscrit!<\/h2>\t\t<\/div>\n\t\t\t\t<\/div>\n\t\t\t\t<div class=\"elementor-element elementor-element-fa9f81b elementor-widget elementor-widget-text-editor\" data-id=\"fa9f81b\" data-element_type=\"widget\" data-widget_type=\"text-editor.default\">\n\t\t\t\t<div class=\"elementor-widget-container\">\n\t\t\t\t\t\t\t<p>Merci de votre int\u00e9r\u00eat au Programme Corporatif d&#8217;\u00c9conomies. Un de nos repr\u00e9sentants des ventes vous contactera sous peu.<\/p><p>Merci d&#8217;avoir choisi Park\u2019N Fly!<\/p>\t\t\t\t\t\t<\/div>\n\t\t\t\t<\/div>\n\t\t\t\t\t<\/div>\n\t\t<\/div>\n\t\t\t\t<div class=\"elementor-column elementor-col-50 elementor-inner-column elementor-element elementor-element-1a831da elementor-hidden-tablet elementor-hidden-phone\" data-id=\"1a831da\" data-element_type=\"column\">\n\t\t\t<div class=\"elementor-widget-wrap\">\n\t\t\t\t\t\t\t<\/div>\n\t\t<\/div>\n\t\t\t\t\t<\/div>\n\t\t<\/section>\n\t\t\t\t\t<\/div>\n\t\t<\/div>\n\t\t\t\t\t<\/div>\n\t\t<\/section>\n\t\t\t\t<\/div>\n\t\t","protected":false},"excerpt":{"rendered":"<p>Programme Corporatif d\u2019\u00c9conomies Le Programme Corporatif d\u2019\u00c9conomies de Park\u2019N Fly facilite la r\u00e9duction des frais de voyage d\u2019une compagnie. Le programme offre des \u00e9conomies exclusives \u00e0 tous nos emplacements Park\u2019N Fly du Canada. Merci de vous \u00eatre inscrit! Merci de votre int\u00e9r\u00eat au Programme Corporatif d&#8217;\u00c9conomies. Un de nos repr\u00e9sentants des ventes vous contactera sous &hellip; <a href=\"https:\/\/staging-admin.parknfly.ca\/fr\/inscription-corporatif-merci\/\">Continuer<\/a><\/p>\n","protected":false},"author":3,"featured_media":0,"parent":0,"menu_order":0,"comment_status":"closed","ping_status":"closed","template":"","meta":{"_acf_changed":false,"_monsterinsights_skip_tracking":false,"_monsterinsights_sitenote_active":false,"_monsterinsights_sitenote_note":"","_monsterinsights_sitenote_category":0,"footnotes":""},"yst_prominent_words":[],"class_list":["post-4791","page","type-page","status-publish","hentry"],"acf":[],"_links":{"self":[{"href":"https:\/\/staging-admin.parknfly.ca\/fr\/wp-json\/wp\/v2\/pages\/4791","targetHints":{"allow":["GET"]}}],"collection":[{"href":"https:\/\/staging-admin.parknfly.ca\/fr\/wp-json\/wp\/v2\/pages"}],"about":[{"href":"https:\/\/staging-admin.parknfly.ca\/fr\/wp-json\/wp\/v2\/types\/page"}],"author":[{"embeddable":true,"href":"https:\/\/staging-admin.parknfly.ca\/fr\/wp-json\/wp\/v2\/users\/3"}],"replies":[{"embeddable":true,"href":"https:\/\/staging-admin.parknfly.ca\/fr\/wp-json\/wp\/v2\/comments?post=4791"}],"version-history":[{"count":4,"href":"https:\/\/staging-admin.parknfly.ca\/fr\/wp-json\/wp\/v2\/pages\/4791\/revisions"}],"predecessor-version":[{"id":4796,"href":"https:\/\/staging-admin.parknfly.ca\/fr\/wp-json\/wp\/v2\/pages\/4791\/revisions\/4796"}],"wp:attachment":[{"href":"https:\/\/staging-admin.parknfly.ca\/fr\/wp-json\/wp\/v2\/media?parent=4791"}],"wp:term":[{"taxonomy":"yst_prominent_words","embeddable":true,"href":"https:\/\/staging-admin.parknfly.ca\/fr\/wp-json\/wp\/v2\/yst_prominent_words?post=4791"}],"curies":[{"name":"wp","href":"https:\/\/api.w.org\/{rel}","templated":true}]}}