{"id":21892,"date":"2024-03-08T14:43:58","date_gmt":"2024-03-08T14:43:58","guid":{"rendered":"https:\/\/staging-admin.parknfly.ca\/?page_id=21892"},"modified":"2024-03-15T12:46:02","modified_gmt":"2024-03-15T12:46:02","slug":"2024-caa-atlantic-contest","status":"publish","type":"page","link":"https:\/\/staging-admin.parknfly.ca\/fr\/2024-caa-atlantic-contest\/","title":{"rendered":"2024 CAA Atlantic Contest French"},"content":{"rendered":"\t\t<div data-elementor-type=\"wp-page\" data-elementor-id=\"21892\" class=\"elementor elementor-21892 elementor-1237\" data-elementor-post-type=\"page\">\n\t\t\t\t\t\t<section class=\"elementor-section elementor-top-section elementor-element elementor-element-654a8d5 elementor-section-height-min-height elementor-section-items-bottom sub-banner elementor-section-boxed elementor-section-height-default\" data-id=\"654a8d5\" data-element_type=\"section\" data-settings=\"{&quot;background_background&quot;:&quot;classic&quot;}\">\n\t\t\t\t\t\t\t<div class=\"elementor-background-overlay\"><\/div>\n\t\t\t\t\t\t\t<div class=\"elementor-container elementor-column-gap-default\">\n\t\t\t\t\t<div class=\"elementor-column elementor-col-100 elementor-top-column elementor-element elementor-element-1e74401\" data-id=\"1e74401\" data-element_type=\"column\">\n\t\t\t<div class=\"elementor-widget-wrap elementor-element-populated\">\n\t\t\t\t\t\t<section class=\"elementor-section elementor-inner-section elementor-element elementor-element-45dc147 elementor-section-full_width elementor-section-height-default elementor-section-height-default\" data-id=\"45dc147\" data-element_type=\"section\">\n\t\t\t\t\t\t<div class=\"elementor-container elementor-column-gap-default\">\n\t\t\t\t\t<div class=\"elementor-column elementor-col-100 elementor-inner-column elementor-element elementor-element-5cb282f\" data-id=\"5cb282f\" data-element_type=\"column\">\n\t\t\t<div class=\"elementor-widget-wrap elementor-element-populated\">\n\t\t\t\t\t\t<div class=\"elementor-element elementor-element-6cf92f4 elementor-widget elementor-widget-image\" data-id=\"6cf92f4\" data-element_type=\"widget\" data-widget_type=\"image.default\">\n\t\t\t\t<div class=\"elementor-widget-container\">\n\t\t\t\t\t\t\t\t\t\t\t\t\t<img fetchpriority=\"high\" decoding=\"async\" width=\"878\" height=\"276\" src=\"https:\/\/staging-admin.parknfly.ca\/wp-content\/uploads\/2024\/03\/park-and-win-frenchv5.png\" class=\"attachment-full size-full wp-image-22014\" alt=\"\" srcset=\"https:\/\/staging-admin.parknfly.ca\/wp-content\/uploads\/2024\/03\/park-and-win-frenchv5.png 878w, https:\/\/staging-admin.parknfly.ca\/wp-content\/uploads\/2024\/03\/park-and-win-frenchv5-300x94.png 300w, https:\/\/staging-admin.parknfly.ca\/wp-content\/uploads\/2024\/03\/park-and-win-frenchv5-768x241.png 768w\" sizes=\"(max-width: 878px) 100vw, 878px\" \/>\t\t\t\t\t\t\t\t\t\t\t\t\t<\/div>\n\t\t\t\t<\/div>\n\t\t\t\t\t<\/div>\n\t\t<\/div>\n\t\t\t\t\t<\/div>\n\t\t<\/section>\n\t\t\t\t\t<\/div>\n\t\t<\/div>\n\t\t\t\t\t<\/div>\n\t\t<\/section>\n\t\t\t\t<section class=\"elementor-section elementor-top-section elementor-element elementor-element-1a04f8b elementor-section-boxed elementor-section-height-default elementor-section-height-default\" data-id=\"1a04f8b\" data-element_type=\"section\">\n\t\t\t\t\t\t<div class=\"elementor-container elementor-column-gap-default\">\n\t\t\t\t\t<div class=\"elementor-column elementor-col-66 elementor-top-column elementor-element elementor-element-8495bf0\" data-id=\"8495bf0\" data-element_type=\"column\">\n\t\t\t<div class=\"elementor-widget-wrap\">\n\t\t\t\t\t\t\t<\/div>\n\t\t<\/div>\n\t\t\t\t<div class=\"elementor-column elementor-col-33 elementor-top-column elementor-element elementor-element-f38696d\" data-id=\"f38696d\" data-element_type=\"column\">\n\t\t\t<div class=\"elementor-widget-wrap\">\n\t\t\t\t\t\t\t<\/div>\n\t\t<\/div>\n\t\t\t\t\t<\/div>\n\t\t<\/section>\n\t\t\t\t<section class=\"elementor-section elementor-top-section elementor-element elementor-element-d13beb7 elementor-section-boxed elementor-section-height-default elementor-section-height-default\" data-id=\"d13beb7\" data-element_type=\"section\">\n\t\t\t\t\t\t<div class=\"elementor-container elementor-column-gap-default\">\n\t\t\t\t\t<div class=\"elementor-column elementor-col-100 elementor-top-column elementor-element elementor-element-439e540\" data-id=\"439e540\" data-element_type=\"column\">\n\t\t\t<div class=\"elementor-widget-wrap elementor-element-populated\">\n\t\t\t\t\t\t<div class=\"elementor-element elementor-element-52095d8 elementor-widget elementor-widget-heading\" data-id=\"52095d8\" data-element_type=\"widget\" data-widget_type=\"heading.default\">\n\t\t\t\t<div class=\"elementor-widget-container\">\n\t\t\t<h1 class=\"elementor-heading-title elementor-size-default\">Participez pour courir la chance de GAGNER un certificat cadeau CAA Travel de 2 000 $<\/h1>\t\t<\/div>\n\t\t\t\t<\/div>\n\t\t\t\t\t<\/div>\n\t\t<\/div>\n\t\t\t\t\t<\/div>\n\t\t<\/section>\n\t\t\t\t<section class=\"elementor-section elementor-top-section elementor-element elementor-element-2ded4dc elementor-section-boxed elementor-section-height-default elementor-section-height-default\" data-id=\"2ded4dc\" data-element_type=\"section\">\n\t\t\t\t\t\t<div class=\"elementor-container elementor-column-gap-default\">\n\t\t\t\t\t<div class=\"elementor-column elementor-col-66 elementor-top-column elementor-element elementor-element-0b6de43\" data-id=\"0b6de43\" data-element_type=\"column\">\n\t\t\t<div class=\"elementor-widget-wrap elementor-element-populated\">\n\t\t\t\t\t\t<div class=\"elementor-element elementor-element-af5c922 elementor-widget elementor-widget-text-editor\" data-id=\"af5c922\" data-element_type=\"widget\" data-widget_type=\"text-editor.default\">\n\t\t\t\t<div class=\"elementor-widget-container\">\n\t\t\t\t\t\t\t<p>Park\u2019N Fly veut vous aider \u00e0 faire votre prochain voyage\u2009! Si vous s\u00e9journez chez Park\u2019 N Fly entre le 15 mars et le 30 avril 2024, vous serez automatiquement inscrit pour courir la chance de gagner une carte cadeau CAA Travel de 2\u00a0000\u00a0$ a \u00eatre utilis\u00e9e lors d\u2019un prochain voyage ainsi que 8 jours de stationnement gratuit \u00e0 l\u2019emplacement de Park\u2019N Fly \u00e0 Halifax.<\/p><p>Choisissez votre destination. R\u00e9servez avec CAA Travel. Ensuite, rendez-vous \u00e0 l\u2019a\u00e9roport en sachant que vous vous stationnerez sans souci \u00e0 l\u2019emplacement de Park\u2019N Fly \u00e0 Halifax.<\/p><p>*Le gagnant du Grand Prix gagnera un certificat cadeau CAA Travel de 2\u00a0000\u00a0$. De plus, il aura droit \u00e0 8 jours de stationnement GRATUIT chez Park\u2019N Fly \u00e0 Halifax.<\/p>\t\t\t\t\t\t<\/div>\n\t\t\t\t<\/div>\n\t\t\t\t\t<\/div>\n\t\t<\/div>\n\t\t\t\t<div class=\"elementor-column elementor-col-33 elementor-top-column elementor-element elementor-element-bf36f73\" data-id=\"bf36f73\" data-element_type=\"column\">\n\t\t\t<div class=\"elementor-widget-wrap elementor-element-populated\">\n\t\t\t\t\t\t<div class=\"elementor-element elementor-element-e3b7247 e-transform e-transform elementor-widget elementor-widget-text-editor\" data-id=\"e3b7247\" data-element_type=\"widget\" data-settings=\"{&quot;_transform_translateX_effect_hover&quot;:{&quot;unit&quot;:&quot;px&quot;,&quot;size&quot;:&quot;&quot;,&quot;sizes&quot;:[]},&quot;_transform_translateX_effect_hover_tablet&quot;:{&quot;unit&quot;:&quot;px&quot;,&quot;size&quot;:&quot;&quot;,&quot;sizes&quot;:[]},&quot;_transform_translateX_effect_hover_mobile&quot;:{&quot;unit&quot;:&quot;px&quot;,&quot;size&quot;:&quot;&quot;,&quot;sizes&quot;:[]},&quot;_transform_translateY_effect_hover&quot;:{&quot;unit&quot;:&quot;px&quot;,&quot;size&quot;:&quot;&quot;,&quot;sizes&quot;:[]},&quot;_transform_translateY_effect_hover_tablet&quot;:{&quot;unit&quot;:&quot;px&quot;,&quot;size&quot;:&quot;&quot;,&quot;sizes&quot;:[]},&quot;_transform_translateY_effect_hover_mobile&quot;:{&quot;unit&quot;:&quot;px&quot;,&quot;size&quot;:&quot;&quot;,&quot;sizes&quot;:[]},&quot;_transform_scale_effect_hover&quot;:{&quot;unit&quot;:&quot;px&quot;,&quot;size&quot;:&quot;&quot;,&quot;sizes&quot;:[]},&quot;_transform_scale_effect_hover_tablet&quot;:{&quot;unit&quot;:&quot;px&quot;,&quot;size&quot;:&quot;&quot;,&quot;sizes&quot;:[]},&quot;_transform_scale_effect_hover_mobile&quot;:{&quot;unit&quot;:&quot;px&quot;,&quot;size&quot;:&quot;&quot;,&quot;sizes&quot;:[]}}\" data-widget_type=\"text-editor.default\">\n\t\t\t\t<div class=\"elementor-widget-container\">\n\t\t\t\t\t\t\t<p><strong>Ce printemps, les membres CAA \u00e9conomisent et accumulent plus avec Park\u2019N Fly\u2009!<\/strong><\/p><p>\u00c9conomisez 20\u00a0% ou plus* sur votre s\u00e9jour de stationnement et de plus accumulez 3\u00a0% en dollars CAA\u00ae. Vous n\u2019aurez qu\u2019\u00e0 entrer votre num\u00e9ro de membre CAA lorsque vous r\u00e9serverez votre prochain s\u00e9jour sur <a href=\"http:\/\/www.parknfky.ca\">www.parknfky.ca<\/a> ou \u00e0 pr\u00e9senter votre carte de membre CAA au moment du paiement pour \u00e9conomiser et accumuler.<\/p>\t\t\t\t\t\t<\/div>\n\t\t\t\t<\/div>\n\t\t\t\t\t<\/div>\n\t\t<\/div>\n\t\t\t\t\t<\/div>\n\t\t<\/section>\n\t\t\t\t<section class=\"elementor-section elementor-top-section elementor-element elementor-element-32c58a3 elementor-section-boxed elementor-section-height-default elementor-section-height-default\" data-id=\"32c58a3\" data-element_type=\"section\">\n\t\t\t\t\t\t<div class=\"elementor-container elementor-column-gap-default\">\n\t\t\t\t\t<div class=\"elementor-column elementor-col-66 elementor-top-column elementor-element elementor-element-037be7d\" data-id=\"037be7d\" data-element_type=\"column\">\n\t\t\t<div class=\"elementor-widget-wrap elementor-element-populated\">\n\t\t\t\t\t\t<div class=\"elementor-element elementor-element-fd50806 elementor-widget__width-auto elementor-align-center elementor-widget elementor-widget-button\" data-id=\"fd50806\" data-element_type=\"widget\" data-widget_type=\"button.default\">\n\t\t\t\t<div class=\"elementor-widget-container\">\n\t\t\t\t\t\t\t<div class=\"elementor-button-wrapper\">\n\t\t\t\t\t<a class=\"elementor-button elementor-button-link elementor-size-md\" href=\"\/?page_id=1227\" target=\"_blank\">\n\t\t\t\t\t\t<span class=\"elementor-button-content-wrapper\">\n\t\t\t\t\t\t\t\t\t<span class=\"elementor-button-text\">r\u00e9serve<\/span>\n\t\t\t\t\t<\/span>\n\t\t\t\t\t<\/a>\n\t\t\t\t<\/div>\n\t\t\t\t\t\t<\/div>\n\t\t\t\t<\/div>\n\t\t\t\t\t<\/div>\n\t\t<\/div>\n\t\t\t\t<div class=\"elementor-column elementor-col-33 elementor-top-column elementor-element elementor-element-eb208fb\" data-id=\"eb208fb\" data-element_type=\"column\">\n\t\t\t<div class=\"elementor-widget-wrap\">\n\t\t\t\t\t\t\t<\/div>\n\t\t<\/div>\n\t\t\t\t\t<\/div>\n\t\t<\/section>\n\t\t\t\t<section class=\"elementor-section elementor-top-section elementor-element elementor-element-9cc1030 elementor-section-boxed elementor-section-height-default elementor-section-height-default\" data-id=\"9cc1030\" data-element_type=\"section\">\n\t\t\t\t\t\t<div class=\"elementor-container elementor-column-gap-default\">\n\t\t\t\t\t<div class=\"elementor-column elementor-col-100 elementor-top-column elementor-element elementor-element-60ca685\" data-id=\"60ca685\" data-element_type=\"column\">\n\t\t\t<div class=\"elementor-widget-wrap\">\n\t\t\t\t\t\t\t<\/div>\n\t\t<\/div>\n\t\t\t\t\t<\/div>\n\t\t<\/section>\n\t\t\t\t<section class=\"elementor-section elementor-top-section elementor-element elementor-element-1666e62 elementor-section-boxed elementor-section-height-default elementor-section-height-default\" data-id=\"1666e62\" data-element_type=\"section\">\n\t\t\t\t\t\t<div class=\"elementor-container elementor-column-gap-default\">\n\t\t\t\t\t<div class=\"elementor-column elementor-col-50 elementor-top-column elementor-element elementor-element-259ee0b\" data-id=\"259ee0b\" data-element_type=\"column\">\n\t\t\t<div class=\"elementor-widget-wrap elementor-element-populated\">\n\t\t\t\t\t\t<div class=\"elementor-element elementor-element-fa05e37 elementor-widget elementor-widget-image\" data-id=\"fa05e37\" data-element_type=\"widget\" data-widget_type=\"image.default\">\n\t\t\t\t<div class=\"elementor-widget-container\">\n\t\t\t\t\t\t\t\t\t\t\t\t\t<img decoding=\"async\" src=\"https:\/\/staging-admin.parknfly.ca\/wp-content\/uploads\/elementor\/thumbs\/CAA-Rewards-Logo-FR-PMS-pt7n6wehkbvidkrm4qp6tham66av3up3yu11q7u5p8.jpg\" title=\"CAA Rewards Logo &#8211; FR &#8211; PMS\" alt=\"CAA Rewards Logo - FR - PMS\" loading=\"lazy\" \/>\t\t\t\t\t\t\t\t\t\t\t\t\t<\/div>\n\t\t\t\t<\/div>\n\t\t\t\t\t<\/div>\n\t\t<\/div>\n\t\t\t\t<div class=\"elementor-column elementor-col-50 elementor-top-column elementor-element elementor-element-5b573bc\" data-id=\"5b573bc\" data-element_type=\"column\">\n\t\t\t<div class=\"elementor-widget-wrap elementor-element-populated\">\n\t\t\t\t\t\t<div class=\"elementor-element elementor-element-7d1fc33 elementor-widget elementor-widget-image\" data-id=\"7d1fc33\" data-element_type=\"widget\" data-widget_type=\"image.default\">\n\t\t\t\t<div class=\"elementor-widget-container\">\n\t\t\t\t\t\t\t\t\t\t\t\t\t<img decoding=\"async\" width=\"1092\" height=\"208\" src=\"https:\/\/staging-admin.parknfly.ca\/wp-content\/uploads\/2023\/03\/parknfly_website_logo.jpg\" class=\"attachment-full size-full wp-image-19436\" alt=\"\" srcset=\"https:\/\/staging-admin.parknfly.ca\/wp-content\/uploads\/2023\/03\/parknfly_website_logo.jpg 1092w, https:\/\/staging-admin.parknfly.ca\/wp-content\/uploads\/2023\/03\/parknfly_website_logo-300x57.jpg 300w, https:\/\/staging-admin.parknfly.ca\/wp-content\/uploads\/2023\/03\/parknfly_website_logo-1024x195.jpg 1024w, https:\/\/staging-admin.parknfly.ca\/wp-content\/uploads\/2023\/03\/parknfly_website_logo-768x146.jpg 768w\" sizes=\"(max-width: 1092px) 100vw, 1092px\" \/>\t\t\t\t\t\t\t\t\t\t\t\t\t<\/div>\n\t\t\t\t<\/div>\n\t\t\t\t\t<\/div>\n\t\t<\/div>\n\t\t\t\t\t<\/div>\n\t\t<\/section>\n\t\t\t\t<section class=\"elementor-section elementor-top-section elementor-element elementor-element-de72a8a elementor-section-boxed elementor-section-height-default elementor-section-height-default\" data-id=\"de72a8a\" data-element_type=\"section\">\n\t\t\t\t\t\t<div class=\"elementor-container elementor-column-gap-default\">\n\t\t\t\t\t<div class=\"elementor-column elementor-col-100 elementor-top-column elementor-element elementor-element-f77fc9e\" data-id=\"f77fc9e\" data-element_type=\"column\">\n\t\t\t<div class=\"elementor-widget-wrap elementor-element-populated\">\n\t\t\t\t\t\t<div class=\"elementor-element elementor-element-7f0501a elementor-widget-divider--view-line elementor-widget elementor-widget-divider\" data-id=\"7f0501a\" data-element_type=\"widget\" data-widget_type=\"divider.default\">\n\t\t\t\t<div class=\"elementor-widget-container\">\n\t\t\t\t\t<div class=\"elementor-divider\">\n\t\t\t<span class=\"elementor-divider-separator\">\n\t\t\t\t\t\t<\/span>\n\t\t<\/div>\n\t\t\t\t<\/div>\n\t\t\t\t<\/div>\n\t\t\t\t<div class=\"elementor-element elementor-element-509aa2f elementor-widget elementor-widget-text-editor\" data-id=\"509aa2f\" data-element_type=\"widget\" data-widget_type=\"text-editor.default\">\n\t\t\t\t<div class=\"elementor-widget-container\">\n\t\t\t\t\t\t\t<p>Le gagnant du Grand Prix remportera un certificat-cadeau CAA Travel de 2\u00a0000\u00a0$. De plus, huit jours de stationnement GRATUIT offerts par Park\u2019N Fly d\u2019Halifax. Le Prix doit \u00eatre accept\u00e9 tel qu\u2019il a \u00e9t\u00e9 attribu\u00e9 et ne peut \u00eatre c\u00e9d\u00e9, transf\u00e9r\u00e9, remplac\u00e9, \u00e9chang\u00e9, rembours\u00e9 ou \u00e9chang\u00e9 contre une valeur mon\u00e9taire. Une participation est obtenue pour chaque s\u00e9jour admissible d\u2019un membre CAA \u00e0 l\u2019emplacement de Park\u2019N Fly \u00e0 Halifax. Les membres CAA doivent r\u00e9server leur stationnement et entrer une carte de membre CAA valide dans le champ \u00ab\u2009Rabais optionnel\u2009\u00bb sur <a href=\"https:\/\/WWW.parknfly.ca\/fr\/carte-cadeau-voyage-caa-atlantic-2024-reglements-du-concours\/\" target=\"_blank\" rel=\"noopener\">https:\/\/WWW.parknfly.ca\/fr\/carte-cadeau-voyage-caa-atlantic-2024-reglements-du-concours\/<\/a> ou pr\u00e9senter leur carte au moment du d\u00e9part. Le d\u00e9part doit avoir lieu entre le 15 mars et le 30 avril 2024 pour \u00eatre admissible. Aucun achat n\u2019est n\u00e9cessaire. Le prix au d\u00e9tail approximatif du Grand Prix est de 2\u00a0105\u00a0$ CA.<\/p><p>Comment participer\u00a0: Le concours est r\u00e9serv\u00e9 aux membres CAA qui s\u00e9journent \u00e0 l&#8217;emplacement de Park\u2019N Fly \u00e0 Halifax. Les membres CAA qui effectuent une transaction \u00e0 l&#8217;emplacement de Park\u2019N Fly \u00e0 Halifax pendant la p\u00e9riode du concours (du 15\u00a0mars au 30\u00a0avril\u00a02024) courent la chance de gagner. Aucun achat n\u2019est n\u00e9cessaire. Certaines conditions s\u2019appliquent. Consultez le site staging.parknfly.ca\/caa-atlantic-rules pour conna\u00eetre les r\u00e8glements du concours et les d\u00e9tails de la participation sans achat.<\/p><p>L&#8217;application Park&#8217;N Fly et le programme Park&#8217;N Fly Rewards ne sont pas disponibles \u00e0 Halifax. Les offres d\u2019\u00e9conomies et de dollars CAA sont disponibles que pour les membres CAA Atlantic. Les rabais et les \u00e9conomies sont bas\u00e9s sur les tarifs r\u00e9guliers affich\u00e9s. Les tarifs et les surcharges sont assujettis aux taxes applicables et ne peuvent \u00eatre r\u00e9duits. Les tarifs peuvent changer sans pr\u00e9avis. Les frais commencent au moment de l\u2019enregistrement et sont bas\u00e9s sur une p\u00e9riode de 24 heures. Une carte de membre CAA valide doit \u00eatre pr\u00e9sent\u00e9e. L\u2019offre ne s\u2019applique pas au programme A\u00e9roplan et ne peut \u00eatre combin\u00e9e \u00e0 aucune autre offre ou aucun rabais. \u00a0<\/p><p>Park\u2019N Fly est une marque de commerce d\u00e9pos\u00e9e de 1884901 Alberta Ltd. Carte de membre du club affili\u00e9 \u00e0 CAA International. \u00ae Marques de commerce d\u00e9pos\u00e9es appartenant \u00e0 l\u2019Association canadienne des automobilistes dont l\u2019utilisation est accord\u00e9e par celle-ci.<\/p>\t\t\t\t\t\t<\/div>\n\t\t\t\t<\/div>\n\t\t\t\t\t<\/div>\n\t\t<\/div>\n\t\t\t\t\t<\/div>\n\t\t<\/section>\n\t\t\t\t<\/div>\n\t\t","protected":false},"excerpt":{"rendered":"<p>Participez pour courir la chance de GAGNER un certificat cadeau CAA Travel de 2 000 $ Park\u2019N Fly veut vous aider \u00e0 faire votre prochain voyage\u2009! Si vous s\u00e9journez chez Park\u2019 N Fly entre le 15 mars et le 30 avril 2024, vous serez automatiquement inscrit pour courir la chance de gagner une carte cadeau &hellip; <a href=\"https:\/\/staging-admin.parknfly.ca\/fr\/2024-caa-atlantic-contest\/\">Continuer<\/a><\/p>\n","protected":false},"author":24,"featured_media":0,"parent":0,"menu_order":0,"comment_status":"closed","ping_status":"closed","template":"","meta":{"_acf_changed":false,"_monsterinsights_skip_tracking":false,"_monsterinsights_sitenote_active":false,"_monsterinsights_sitenote_note":"","_monsterinsights_sitenote_category":0,"footnotes":""},"yst_prominent_words":[381,2403,38],"class_list":["post-21892","page","type-page","status-publish","hentry"],"acf":[],"_links":{"self":[{"href":"https:\/\/staging-admin.parknfly.ca\/fr\/wp-json\/wp\/v2\/pages\/21892","targetHints":{"allow":["GET"]}}],"collection":[{"href":"https:\/\/staging-admin.parknfly.ca\/fr\/wp-json\/wp\/v2\/pages"}],"about":[{"href":"https:\/\/staging-admin.parknfly.ca\/fr\/wp-json\/wp\/v2\/types\/page"}],"author":[{"embeddable":true,"href":"https:\/\/staging-admin.parknfly.ca\/fr\/wp-json\/wp\/v2\/users\/24"}],"replies":[{"embeddable":true,"href":"https:\/\/staging-admin.parknfly.ca\/fr\/wp-json\/wp\/v2\/comments?post=21892"}],"version-history":[{"count":27,"href":"https:\/\/staging-admin.parknfly.ca\/fr\/wp-json\/wp\/v2\/pages\/21892\/revisions"}],"predecessor-version":[{"id":22060,"href":"https:\/\/staging-admin.parknfly.ca\/fr\/wp-json\/wp\/v2\/pages\/21892\/revisions\/22060"}],"wp:attachment":[{"href":"https:\/\/staging-admin.parknfly.ca\/fr\/wp-json\/wp\/v2\/media?parent=21892"}],"wp:term":[{"taxonomy":"yst_prominent_words","embeddable":true,"href":"https:\/\/staging-admin.parknfly.ca\/fr\/wp-json\/wp\/v2\/yst_prominent_words?post=21892"}],"curies":[{"name":"wp","href":"https:\/\/api.w.org\/{rel}","templated":true}]}}