{"id":21057,"date":"2024-01-22T21:47:25","date_gmt":"2024-01-22T21:47:25","guid":{"rendered":"https:\/\/staging-admin.parknfly.ca\/?page_id=21057"},"modified":"2024-01-22T21:49:10","modified_gmt":"2024-01-22T21:49:10","slug":"email-confirmation-success","status":"publish","type":"page","link":"https:\/\/staging-admin.parknfly.ca\/fr\/email-confirmation-success\/","title":{"rendered":"Email confirmation success"},"content":{"rendered":"\t\t<div data-elementor-type=\"wp-page\" data-elementor-id=\"21057\" class=\"elementor elementor-21057 elementor-21048\" data-elementor-post-type=\"page\">\n\t\t\t\t\t\t<section class=\"elementor-section elementor-top-section elementor-element elementor-element-36d289fe elementor-section-stretched elementor-section-boxed elementor-section-height-default elementor-section-height-default\" data-id=\"36d289fe\" data-element_type=\"section\" data-settings=\"{&quot;background_background&quot;:&quot;classic&quot;,&quot;stretch_section&quot;:&quot;section-stretched&quot;}\">\n\t\t\t\t\t\t\t<div class=\"elementor-background-overlay\"><\/div>\n\t\t\t\t\t\t\t<div class=\"elementor-container elementor-column-gap-default\">\n\t\t\t\t\t<div class=\"elementor-column elementor-col-100 elementor-top-column elementor-element elementor-element-3471eff7\" data-id=\"3471eff7\" data-element_type=\"column\">\n\t\t\t<div class=\"elementor-widget-wrap elementor-element-populated\">\n\t\t\t\t\t\t<section class=\"elementor-section elementor-inner-section elementor-element elementor-element-e5f2c66 elementor-section-full_width elementor-section-content-top elementor-section-height-default elementor-section-height-default\" data-id=\"e5f2c66\" data-element_type=\"section\">\n\t\t\t\t\t\t<div class=\"elementor-container elementor-column-gap-default\">\n\t\t\t\t\t<div class=\"elementor-column elementor-col-50 elementor-inner-column elementor-element elementor-element-30a46f76\" data-id=\"30a46f76\" data-element_type=\"column\">\n\t\t\t<div class=\"elementor-widget-wrap elementor-element-populated\">\n\t\t\t\t\t\t<div class=\"elementor-element elementor-element-73dc6554 elementor-widget elementor-widget-heading\" data-id=\"73dc6554\" data-element_type=\"widget\" data-widget_type=\"heading.default\">\n\t\t\t\t<div class=\"elementor-widget-container\">\n\t\t\t<h1 class=\"elementor-heading-title elementor-size-default\">R\u00e9compenses Park\u2019N Fly<\/h1>\t\t<\/div>\n\t\t\t\t<\/div>\n\t\t\t\t\t<\/div>\n\t\t<\/div>\n\t\t\t\t<div class=\"elementor-column elementor-col-50 elementor-inner-column elementor-element elementor-element-2f34c39e\" data-id=\"2f34c39e\" data-element_type=\"column\">\n\t\t\t<div class=\"elementor-widget-wrap\">\n\t\t\t\t\t\t\t<\/div>\n\t\t<\/div>\n\t\t\t\t\t<\/div>\n\t\t<\/section>\n\t\t\t\t\t<\/div>\n\t\t<\/div>\n\t\t\t\t\t<\/div>\n\t\t<\/section>\n\t\t\t\t<section class=\"elementor-section elementor-top-section elementor-element elementor-element-557273ff elementor-section-boxed elementor-section-height-default elementor-section-height-default\" data-id=\"557273ff\" data-element_type=\"section\">\n\t\t\t\t\t\t<div class=\"elementor-container elementor-column-gap-default\">\n\t\t\t\t\t<div class=\"elementor-column elementor-col-100 elementor-top-column elementor-element elementor-element-445759b9\" data-id=\"445759b9\" data-element_type=\"column\">\n\t\t\t<div class=\"elementor-widget-wrap elementor-element-populated\">\n\t\t\t\t\t\t<div class=\"elementor-element elementor-element-29d83fa5 elementor-widget elementor-widget-heading\" data-id=\"29d83fa5\" data-element_type=\"widget\" data-widget_type=\"heading.default\">\n\t\t\t\t<div class=\"elementor-widget-container\">\n\t\t\t<h2 class=\"elementor-heading-title elementor-size-default\">La validation de votre courriel a r\u00e9ussi\n<\/h2>\t\t<\/div>\n\t\t\t\t<\/div>\n\t\t\t\t<div class=\"elementor-element elementor-element-243cbae3 elementor-widget elementor-widget-text-editor\" data-id=\"243cbae3\" data-element_type=\"widget\" data-widget_type=\"text-editor.default\">\n\t\t\t\t<div class=\"elementor-widget-container\">\n\t\t\t\t\t\t\t<p>Veuillez retourner sur l&#8217;application Park&#8217;N Fly pour vous connecter \u00e0 votre compte de membre et commencer \u00e0 profiter des avantages associ\u00e9s \u00e0 votre niveau de statut.<\/p><p>T\u00e9l\u00e9chargez l&#8217;application Park&#8217;N Fly et connectez-vous \u00e0 votre compte membre pour commencer \u00e0 profiter des avantages et des r\u00e9compenses associ\u00e9s \u00e0 votre niveau de statut.<\/p>\t\t\t\t\t\t<\/div>\n\t\t\t\t<\/div>\n\t\t\t\t\t<\/div>\n\t\t<\/div>\n\t\t\t\t\t<\/div>\n\t\t<\/section>\n\t\t\t\t<section class=\"elementor-section elementor-top-section elementor-element elementor-element-581c92d3 elementor-section-boxed elementor-section-height-default elementor-section-height-default\" data-id=\"581c92d3\" data-element_type=\"section\">\n\t\t\t\t\t\t<div class=\"elementor-container elementor-column-gap-default\">\n\t\t\t\t\t<div class=\"elementor-column elementor-col-25 elementor-top-column elementor-element elementor-element-705018e5\" data-id=\"705018e5\" data-element_type=\"column\">\n\t\t\t<div class=\"elementor-widget-wrap\">\n\t\t\t\t\t\t\t<\/div>\n\t\t<\/div>\n\t\t\t\t<div class=\"elementor-column elementor-col-25 elementor-top-column elementor-element elementor-element-6a95fbdd\" data-id=\"6a95fbdd\" data-element_type=\"column\">\n\t\t\t<div class=\"elementor-widget-wrap elementor-element-populated\">\n\t\t\t\t\t\t<div class=\"elementor-element elementor-element-334971f7 elementor-widget elementor-widget-image\" data-id=\"334971f7\" data-element_type=\"widget\" data-widget_type=\"image.default\">\n\t\t\t\t<div class=\"elementor-widget-container\">\n\t\t\t\t\t\t\t\t\t\t\t\t\t\t<a href=\"https:\/\/apps.apple.com\/ca\/app\/parkn-fly-canada\/id1399548398\">\n\t\t\t\t\t\t\t<img decoding=\"async\" src=\"https:\/\/staging-admin.parknfly.ca\/wp-content\/uploads\/2021\/05\/apple-fr.jpg\" title=\"apple-fr\" alt=\"apple-fr\" loading=\"lazy\" \/>\t\t\t\t\t\t\t\t<\/a>\n\t\t\t\t\t\t\t\t\t\t\t\t\t<\/div>\n\t\t\t\t<\/div>\n\t\t\t\t\t<\/div>\n\t\t<\/div>\n\t\t\t\t<div class=\"elementor-column elementor-col-25 elementor-top-column elementor-element elementor-element-44cb403f\" data-id=\"44cb403f\" data-element_type=\"column\">\n\t\t\t<div class=\"elementor-widget-wrap elementor-element-populated\">\n\t\t\t\t\t\t<div class=\"elementor-element elementor-element-32161ad5 elementor-widget elementor-widget-image\" data-id=\"32161ad5\" data-element_type=\"widget\" data-widget_type=\"image.default\">\n\t\t\t\t<div class=\"elementor-widget-container\">\n\t\t\t\t\t\t\t\t\t\t\t\t\t\t<a href=\"https:\/\/play.google.com\/store\/apps\/details?id=com.parknfly.parknfly&#038;hl=en_CA&#038;gl=US\">\n\t\t\t\t\t\t\t<img decoding=\"async\" src=\"https:\/\/staging-admin.parknfly.ca\/wp-content\/uploads\/2024\/01\/google-fr.jpg\" title=\"google-fr.jpg\" alt=\"google-fr.jpg\" loading=\"lazy\" \/>\t\t\t\t\t\t\t\t<\/a>\n\t\t\t\t\t\t\t\t\t\t\t\t\t<\/div>\n\t\t\t\t<\/div>\n\t\t\t\t\t<\/div>\n\t\t<\/div>\n\t\t\t\t<div class=\"elementor-column elementor-col-25 elementor-top-column elementor-element elementor-element-f0d3531\" data-id=\"f0d3531\" data-element_type=\"column\">\n\t\t\t<div class=\"elementor-widget-wrap\">\n\t\t\t\t\t\t\t<\/div>\n\t\t<\/div>\n\t\t\t\t\t<\/div>\n\t\t<\/section>\n\t\t\t\t<section class=\"elementor-section elementor-top-section elementor-element elementor-element-542bb920 elementor-section-boxed elementor-section-height-default elementor-section-height-default\" data-id=\"542bb920\" data-element_type=\"section\">\n\t\t\t\t\t\t<div class=\"elementor-container elementor-column-gap-default\">\n\t\t\t\t\t<div class=\"elementor-column elementor-col-100 elementor-top-column elementor-element elementor-element-5735965b\" data-id=\"5735965b\" data-element_type=\"column\">\n\t\t\t<div class=\"elementor-widget-wrap elementor-element-populated\">\n\t\t\t\t\t\t<div class=\"elementor-element elementor-element-4d8d9367 elementor-widget elementor-widget-text-editor\" data-id=\"4d8d9367\" data-element_type=\"widget\" data-widget_type=\"text-editor.default\">\n\t\t\t\t<div class=\"elementor-widget-container\">\n\t\t\t\t\t\t\t<strong>Des questions?<\/strong> Visitez notre <a href=\"\/support\">page d&#8217;assistance <\/a> pour obtenir des r\u00e9ponses \u00e0 nos questions les plus courantes.\t\t\t\t\t\t<\/div>\n\t\t\t\t<\/div>\n\t\t\t\t\t<\/div>\n\t\t<\/div>\n\t\t\t\t\t<\/div>\n\t\t<\/section>\n\t\t\t\t<\/div>\n\t\t","protected":false},"excerpt":{"rendered":"<p>R\u00e9compenses Park\u2019N Fly La validation de votre courriel a r\u00e9ussi Veuillez retourner sur l&#8217;application Park&#8217;N Fly pour vous connecter \u00e0 votre compte de membre et commencer \u00e0 profiter des avantages associ\u00e9s \u00e0 votre niveau de statut. T\u00e9l\u00e9chargez l&#8217;application Park&#8217;N Fly et connectez-vous \u00e0 votre compte membre pour commencer \u00e0 profiter des avantages et des r\u00e9compenses &hellip; <a href=\"https:\/\/staging-admin.parknfly.ca\/fr\/email-confirmation-success\/\">Continuer<\/a><\/p>\n","protected":false},"author":19,"featured_media":0,"parent":0,"menu_order":0,"comment_status":"closed","ping_status":"closed","template":"","meta":{"_acf_changed":false,"_monsterinsights_skip_tracking":false,"_monsterinsights_sitenote_active":false,"_monsterinsights_sitenote_note":"","_monsterinsights_sitenote_category":0,"footnotes":""},"yst_prominent_words":[],"class_list":["post-21057","page","type-page","status-publish","hentry"],"acf":[],"_links":{"self":[{"href":"https:\/\/staging-admin.parknfly.ca\/fr\/wp-json\/wp\/v2\/pages\/21057","targetHints":{"allow":["GET"]}}],"collection":[{"href":"https:\/\/staging-admin.parknfly.ca\/fr\/wp-json\/wp\/v2\/pages"}],"about":[{"href":"https:\/\/staging-admin.parknfly.ca\/fr\/wp-json\/wp\/v2\/types\/page"}],"author":[{"embeddable":true,"href":"https:\/\/staging-admin.parknfly.ca\/fr\/wp-json\/wp\/v2\/users\/19"}],"replies":[{"embeddable":true,"href":"https:\/\/staging-admin.parknfly.ca\/fr\/wp-json\/wp\/v2\/comments?post=21057"}],"version-history":[{"count":4,"href":"https:\/\/staging-admin.parknfly.ca\/fr\/wp-json\/wp\/v2\/pages\/21057\/revisions"}],"predecessor-version":[{"id":21065,"href":"https:\/\/staging-admin.parknfly.ca\/fr\/wp-json\/wp\/v2\/pages\/21057\/revisions\/21065"}],"wp:attachment":[{"href":"https:\/\/staging-admin.parknfly.ca\/fr\/wp-json\/wp\/v2\/media?parent=21057"}],"wp:term":[{"taxonomy":"yst_prominent_words","embeddable":true,"href":"https:\/\/staging-admin.parknfly.ca\/fr\/wp-json\/wp\/v2\/yst_prominent_words?post=21057"}],"curies":[{"name":"wp","href":"https:\/\/api.w.org\/{rel}","templated":true}]}}