{"id":20106,"date":"2023-05-15T15:23:08","date_gmt":"2023-05-15T15:23:08","guid":{"rendered":"https:\/\/staging-admin.parknfly.ca\/social-media-community-guidelines\/"},"modified":"2023-05-15T20:21:15","modified_gmt":"2023-05-15T20:21:15","slug":"communautaires-medias","status":"publish","type":"page","link":"https:\/\/staging-admin.parknfly.ca\/fr\/communautaires-medias\/","title":{"rendered":"Lignes directives communautaires sur les m\u00e9dias sociaux"},"content":{"rendered":"\t\t<div data-elementor-type=\"wp-page\" data-elementor-id=\"20106\" class=\"elementor elementor-20106 elementor-20099\" data-elementor-post-type=\"page\">\n\t\t\t\t\t\t<section class=\"elementor-section elementor-top-section elementor-element elementor-element-d13beb7 elementor-section-boxed elementor-section-height-default elementor-section-height-default\" data-id=\"d13beb7\" data-element_type=\"section\">\n\t\t\t\t\t\t<div class=\"elementor-container elementor-column-gap-default\">\n\t\t\t\t\t<div class=\"elementor-column elementor-col-50 elementor-top-column elementor-element elementor-element-439e540\" data-id=\"439e540\" data-element_type=\"column\">\n\t\t\t<div class=\"elementor-widget-wrap elementor-element-populated\">\n\t\t\t\t\t\t<div class=\"elementor-element elementor-element-52095d8 elementor-widget elementor-widget-heading\" data-id=\"52095d8\" data-element_type=\"widget\" data-widget_type=\"heading.default\">\n\t\t\t\t<div class=\"elementor-widget-container\">\n\t\t\t<h1 class=\"elementor-heading-title elementor-size-default\">Lignes directives communautaires sur les m\u00e9dias sociaux <\/h1>\t\t<\/div>\n\t\t\t\t<\/div>\n\t\t\t\t<div class=\"elementor-element elementor-element-d9e488b elementor-widget elementor-widget-text-editor\" data-id=\"d9e488b\" data-element_type=\"widget\" data-widget_type=\"text-editor.default\">\n\t\t\t\t<div class=\"elementor-widget-container\">\n\t\t\t\t\t\t\t<p>Park\u2019N Fly g\u00e8re divers canaux de m\u00e9dias sociaux et s\u2019efforce de cr\u00e9er des collectivit\u00e9s informatives, engageantes et solidaires dans lesquelles nous pouvons \u00e9changer de l\u2019information et avoir des conversations.<\/p><p>Si vous publiez sur l\u2019un de nos canaux de m\u00e9dias sociaux ou si vous r\u00e9pondez ou commentez l\u2019un de nos messages, vous acceptez de vous conformer aux pr\u00e9sentes directives communautaires, lesquelles s\u2019appliquent en plus des modalit\u00e9s ou d\u2019autres avis juridiques fournis par le propri\u00e9taire de la plateforme de m\u00e9dias sociaux. Veuillez garder en t\u00eate que les commentaires et les r\u00e9ponses que vous lisez sur nos canaux qui ne sont pas affich\u00e9s par nous proviennent de membres du public. Le contenu de ces commentaires (y compris les opinions et les d\u00e9clarations) publi\u00e9s sur nos canaux ne refl\u00e8te pas n\u00e9cessairement les vues du site de m\u00e9dias sociaux ou de son propri\u00e9taire et rel\u00e8ve de la responsabilit\u00e9 des personnes qui les publient.<\/p><p>Nous nous effor\u00e7ons de cr\u00e9er une communaut\u00e9 informative et amusante sur nos canaux de m\u00e9dias sociaux, nous demandons donc \u00e0 tous les utilisateurs de respecter les directives communautaires suivantes:<\/p><ol><li><em> Restez sur le sujet et soyez respectueux<\/em><\/li><\/ol><p>D\u2019abord et avant tout, nous demandons \u00e0 chacun de faire preuve de respect envers Park\u2019N Fly et les autres membres de nos communaut\u00e9s de m\u00e9dias sociaux.<\/p><ul><li>Nous encourageons et appr\u00e9cions vos commentaires et r\u00e9actions si vous partagez votre point de vue d\u2019une mani\u00e8re respectueuse envers nous et notre collectivit\u00e9 et qui n\u2019est inappropri\u00e9e, hors sujet, abusive, harcelante, profane ou faisant la promotion ou la sollicitation de sites, d\u2019initiatives ou de produits tiers.\u00a0 \u00a0<\/li><\/ul><ul><li>Nous ne permettons pas que nos m\u00e9dias sociaux soient inond\u00e9s de messages n\u00e9gatifs, agressifs ou harcelants. Nous accuserons r\u00e9ception de la communication initiale et nous nous efforcerons de r\u00e9soudre le probl\u00e8me directement avec la personne qui l\u2019a publi\u00e9e. Les commentaires r\u00e9p\u00e9t\u00e9s seront rejet\u00e9s et supprim\u00e9s.<br \/><br \/><\/li><li>Nous nous r\u00e9servons le droit de rejeter ou de supprimer les commentaires qui ne sont pas conformes \u00e0 notre politique et de bloquer ou d\u2019interdire les utilisateurs\/abonn\u00e9s qui violent cette politique.<\/li><\/ul><ol start=\"2\"><li><em> Questions juridiques et r\u00e9glementaires<\/em><\/li><\/ol><p>Il y a certains sujets dont nous ne pourrons ou ne voudrons pas parler ici, et certaines de vos discussions devront peut-\u00eatre \u00eatre redirig\u00e9es ou \u00e9court\u00e9es pour la m\u00eame raison. \u00c0 titre d\u2019exemple, nous vous demandons de vous abstenir de publier des commentaires contenant:<\/p><ul><li>des all\u00e9gations non fond\u00e9es ou des discussions sur les utilisations non approuv\u00e9es ou non dirig\u00e9es de nos services;<\/li><li>la propri\u00e9t\u00e9 intellectuelle de tiers, comme tout mat\u00e9riel prot\u00e9g\u00e9 par le droit d\u2019auteur (art, musique, vid\u00e9os, texte \u00e9crit) ou toute marque de commerce ou logo, sauf avec le consentement expr\u00e8s des propri\u00e9taires de cette propri\u00e9t\u00e9 intellectuelle;<\/li><li>les prestations, en tout ou en partie, qui ont \u00e9t\u00e9 diffus\u00e9es, diffus\u00e9es en continu, publi\u00e9es, t\u00e9l\u00e9vis\u00e9es ou enregistr\u00e9es dans le cadre d\u2019un film;<\/li><li>information plagi\u00e9e \u00e0 partir d\u2019une autre source;<\/li><li>les photos et\/ou vid\u00e9os, y compris celles qui repr\u00e9sentent des personnes, \u00e0 moins que le photographe (et, le cas \u00e9ch\u00e9ant, la personne repr\u00e9sent\u00e9e, et si la personne repr\u00e9sent\u00e9e est un enfant, ses parents ou son tuteur l\u00e9gal) ou le vid\u00e9aste n\u2019ait express\u00e9ment consenti \u00e0 cette utilisation;<\/li><li>le nom de toute personne ou d\u2019autres renseignements qui pourraient permettre \u00e0 quiconque d\u2019identifier la personne, comme son adresse, son num\u00e9ro de t\u00e9l\u00e9phone, son num\u00e9ro d\u2019assurance sociale, son num\u00e9ro de plaque d\u2019immatriculation, sa ville natale, son \u00e9cole, etc., \u00e0 moins qu\u2019elle n\u2019ait express\u00e9ment consenti \u00e0 cette utilisation;<\/li><li>commentaires ou inf\u00e9rences inappropri\u00e9s au sujet de nos concurrents (par exemple, commentaires d\u00e9sobligeants ou d\u00e9clarations au sujet de leurs produits ou services);<\/li><li>les renseignements faux, inexacts ou trompeurs;<\/li><li>diffamation ou calomnie;<\/li><li>les menaces;<\/li><li>des \u00e9nonc\u00e9s inappropri\u00e9s ou \u00ab\u00a0non color\u00e9s\u00a0\u00bb;<\/li><li>textes, images ou images qui pourraient \u00eatre d\u00e9crits comme obsc\u00e8nes, profanes, obsc\u00e8nes, vulgaires, offensants, provocateurs ou pornographiques, ou qui contiennent des signes ou des symboles de gang, des images d\u2019armes \u00e0 feu, de la propagande politique ou religieuse, des descriptions d\u00e9sobligeantes de toute origine ethnique, groupes raciaux, sexuels ou religieux, repr\u00e9sentations d\u2019abus d\u2019alcool ou de drogues, ou promotion d\u2019activit\u00e9s ill\u00e9gales de toute nature;<\/li><li>des liens vers d\u2019autres sites Web;<\/li><li>publicit\u00e9;<\/li><li>les pourriels; et<\/li><li>virus logiciels, chevaux de Troie, vers, bombes \u00e0 retardement ou tout autre code ou fichier informatique ou m\u00e9canisme de d\u00e9sactivation con\u00e7us pour perturber, endommager ou limiter le fonctionnement de tout logiciel, mat\u00e9riel, \u00e9quipement de t\u00e9l\u00e9communications ou qui interf\u00e8re avec le fonctionnement du site de m\u00e9dias sociaux.<\/li><\/ul><p>En publiant, vous nous promettez que votre publication est conforme aux pr\u00e9sentes lignes directrices et ne contient aucun des contenus restreints \u00e9num\u00e9r\u00e9s ci-dessus. S\u2019il vous pla\u00eet noter, cependant, que nous pouvons supprimer toute publication que nous croyons ne se conforme pas.<\/p><ol start=\"3\"><li><em> Mod\u00e9ration des commentaires et r\u00e9ponses<\/em><\/li><\/ol><p>Nous ferons de notre mieux pour mod\u00e9rer et r\u00e9pondre rapidement \u00e0 vos commentaires. G\u00e9n\u00e9ralement, nous v\u00e9rifions plusieurs fois par jour pendant les heures d\u2019ouverture et une fois les jours non ouvrables. N\u2019oubliez pas, cependant, que ce forum contient les opinions et les points de vue d\u2019autres utilisateurs. M\u00eame si nous mod\u00e9rons nos canaux pour nous assurer que les publications des utilisateurs sont conformes aux pr\u00e9sentes lignes directrices, nous ne pouvons pas \u00eatre tenus responsables de l\u2019exactitude ou de la fiabilit\u00e9 des commentaires ou du mat\u00e9riel publi\u00e9 par les utilisateurs.<\/p><ol start=\"4\"><li><em> Nous pourrions utiliser vos publications<\/em><\/li><\/ol><p>En publiant sur un ou plusieurs de nos canaux de m\u00e9dias sociaux, vous comprenez que vos publications, ainsi que toute id\u00e9e ou technique qu\u2019elles contiennent, peuvent \u00eatre librement utilis\u00e9es par nous de quelque fa\u00e7on et dans n\u2019importe quel m\u00e9dia, y compris sur ce forum, sur nos autres sites Web et pages de m\u00e9dias sociaux, et dans notre entreprise. Par cons\u00e9quent, veuillez ne pas soumettre d\u2019id\u00e9es ou de documents que vous souhaitez garder confidentiels ou pour lesquels vous vous attendez \u00e0 recevoir une r\u00e9mun\u00e9ration. De plus, lorsque vous publiez sur l\u2019un de nos canaux de m\u00e9dias sociaux, votre nom, votre ressemblance et votre pseudonyme seront visibles et associ\u00e9s \u00e0 votre publication et si nous r\u00e9utilisons votre publication ailleurs, nous pouvons afficher votre nom, votre ressemblance et votre pseudonyme.<\/p><ol start=\"5\"><li>Consid\u00e9rations suppl\u00e9mentaires<\/li><\/ol><p>Votre commentaire, votre r\u00e9ponse ou votre affichage peuvent \u00eatre soumis aux organismes d\u2019application de la loi si nous croyons de bonne foi que la divulgation de ces renseignements est raisonnablement n\u00e9cessaire pour d\u00e9tecter et pr\u00e9venir la fraude ou pour prot\u00e9ger la s\u00e9curit\u00e9 du public ou d\u2019une personne.<\/p><p>\u00a0<\/p>\t\t\t\t\t\t<\/div>\n\t\t\t\t<\/div>\n\t\t\t\t\t<\/div>\n\t\t<\/div>\n\t\t\t\t<div class=\"elementor-column elementor-col-50 elementor-top-column elementor-element elementor-element-fe40669\" data-id=\"fe40669\" data-element_type=\"column\">\n\t\t\t<div class=\"elementor-widget-wrap\">\n\t\t\t\t\t\t\t<\/div>\n\t\t<\/div>\n\t\t\t\t\t<\/div>\n\t\t<\/section>\n\t\t\t\t<\/div>\n\t\t","protected":false},"excerpt":{"rendered":"<p>Lignes directives communautaires sur les m\u00e9dias sociaux Park\u2019N Fly g\u00e8re divers canaux de m\u00e9dias sociaux et s\u2019efforce de cr\u00e9er des collectivit\u00e9s informatives, engageantes et solidaires dans lesquelles nous pouvons \u00e9changer de l\u2019information et avoir des conversations. Si vous publiez sur l\u2019un de nos canaux de m\u00e9dias sociaux ou si vous r\u00e9pondez ou commentez l\u2019un de &hellip; <a href=\"https:\/\/staging-admin.parknfly.ca\/fr\/communautaires-medias\/\">Continuer<\/a><\/p>\n","protected":false},"author":10,"featured_media":0,"parent":0,"menu_order":0,"comment_status":"closed","ping_status":"closed","template":"","meta":{"_acf_changed":false,"_monsterinsights_skip_tracking":false,"_monsterinsights_sitenote_active":false,"_monsterinsights_sitenote_note":"","_monsterinsights_sitenote_category":0,"footnotes":""},"yst_prominent_words":[2108],"class_list":["post-20106","page","type-page","status-publish","hentry"],"acf":[],"_links":{"self":[{"href":"https:\/\/staging-admin.parknfly.ca\/fr\/wp-json\/wp\/v2\/pages\/20106","targetHints":{"allow":["GET"]}}],"collection":[{"href":"https:\/\/staging-admin.parknfly.ca\/fr\/wp-json\/wp\/v2\/pages"}],"about":[{"href":"https:\/\/staging-admin.parknfly.ca\/fr\/wp-json\/wp\/v2\/types\/page"}],"author":[{"embeddable":true,"href":"https:\/\/staging-admin.parknfly.ca\/fr\/wp-json\/wp\/v2\/users\/10"}],"replies":[{"embeddable":true,"href":"https:\/\/staging-admin.parknfly.ca\/fr\/wp-json\/wp\/v2\/comments?post=20106"}],"version-history":[{"count":9,"href":"https:\/\/staging-admin.parknfly.ca\/fr\/wp-json\/wp\/v2\/pages\/20106\/revisions"}],"predecessor-version":[{"id":20121,"href":"https:\/\/staging-admin.parknfly.ca\/fr\/wp-json\/wp\/v2\/pages\/20106\/revisions\/20121"}],"wp:attachment":[{"href":"https:\/\/staging-admin.parknfly.ca\/fr\/wp-json\/wp\/v2\/media?parent=20106"}],"wp:term":[{"taxonomy":"yst_prominent_words","embeddable":true,"href":"https:\/\/staging-admin.parknfly.ca\/fr\/wp-json\/wp\/v2\/yst_prominent_words?post=20106"}],"curies":[{"name":"wp","href":"https:\/\/api.w.org\/{rel}","templated":true}]}}