{"id":18970,"date":"2023-02-09T20:13:55","date_gmt":"2023-02-09T20:13:55","guid":{"rendered":"https:\/\/staging-admin.parknfly.ca\/halifaxspringpromo-copy\/"},"modified":"2024-03-18T13:30:21","modified_gmt":"2024-03-18T13:30:21","slug":"halifax-promotion-de-printemps","status":"publish","type":"page","link":"https:\/\/staging-admin.parknfly.ca\/fr\/halifax-promotion-de-printemps\/","title":{"rendered":"Halifax Spring Fling (FR)"},"content":{"rendered":"\t\t<div data-elementor-type=\"wp-page\" data-elementor-id=\"18970\" class=\"elementor elementor-18970\" data-elementor-post-type=\"page\">\n\t\t\t\t\t\t<section class=\"elementor-section elementor-top-section elementor-element elementor-element-654a8d5 elementor-section-height-min-height elementor-section-items-bottom sub-banner elementor-section-boxed elementor-section-height-default\" data-id=\"654a8d5\" data-element_type=\"section\" data-settings=\"{&quot;background_background&quot;:&quot;classic&quot;}\">\n\t\t\t\t\t\t\t<div class=\"elementor-background-overlay\"><\/div>\n\t\t\t\t\t\t\t<div class=\"elementor-container elementor-column-gap-default\">\n\t\t\t\t\t<div class=\"elementor-column elementor-col-50 elementor-top-column elementor-element elementor-element-e6ce804\" data-id=\"e6ce804\" data-element_type=\"column\">\n\t\t\t<div class=\"elementor-widget-wrap elementor-element-populated\">\n\t\t\t\t\t\t<div class=\"elementor-element elementor-element-5157885 elementor-widget elementor-widget-heading\" data-id=\"5157885\" data-element_type=\"widget\" data-widget_type=\"heading.default\">\n\t\t\t\t<div class=\"elementor-widget-container\">\n\t\t\t<h1 class=\"elementor-heading-title elementor-size-default\">\u00c9conomisez davantage<br \/>\nsur le stationnement d\u2019a\u00e9roport ce printemps\n<\/h1>\t\t<\/div>\n\t\t\t\t<\/div>\n\t\t\t\t\t<\/div>\n\t\t<\/div>\n\t\t\t\t<div class=\"elementor-column elementor-col-50 elementor-top-column elementor-element elementor-element-56acdac\" data-id=\"56acdac\" data-element_type=\"column\">\n\t\t\t<div class=\"elementor-widget-wrap elementor-element-populated\">\n\t\t\t\t\t\t<section class=\"elementor-section elementor-inner-section elementor-element elementor-element-9a2a13a elementor-section-full_width elementor-section-content-top elementor-section-height-default elementor-section-height-default\" data-id=\"9a2a13a\" data-element_type=\"section\">\n\t\t\t\t\t\t<div class=\"elementor-container elementor-column-gap-default\">\n\t\t\t\t\t<div class=\"elementor-column elementor-col-50 elementor-inner-column elementor-element elementor-element-04a754c\" data-id=\"04a754c\" data-element_type=\"column\">\n\t\t\t<div class=\"elementor-widget-wrap elementor-element-populated\">\n\t\t\t\t\t\t\t<\/div>\n\t\t<\/div>\n\t\t\t\t<div class=\"elementor-column elementor-col-50 elementor-inner-column elementor-element elementor-element-e7f3a6b elementor-hidden-tablet elementor-hidden-phone\" data-id=\"e7f3a6b\" data-element_type=\"column\">\n\t\t\t<div class=\"elementor-widget-wrap\">\n\t\t\t\t\t\t\t<\/div>\n\t\t<\/div>\n\t\t\t\t\t<\/div>\n\t\t<\/section>\n\t\t\t\t\t<\/div>\n\t\t<\/div>\n\t\t\t\t\t<\/div>\n\t\t<\/section>\n\t\t\t\t<section class=\"elementor-section elementor-top-section elementor-element elementor-element-8f9c1ce elementor-section-boxed elementor-section-height-default elementor-section-height-default\" data-id=\"8f9c1ce\" data-element_type=\"section\">\n\t\t\t\t\t\t<div class=\"elementor-container elementor-column-gap-default\">\n\t\t\t\t\t<div class=\"elementor-column elementor-col-100 elementor-top-column elementor-element elementor-element-c757fc2\" data-id=\"c757fc2\" data-element_type=\"column\">\n\t\t\t<div class=\"elementor-widget-wrap elementor-element-populated\">\n\t\t\t\t\t\t<section class=\"elementor-section elementor-inner-section elementor-element elementor-element-d8f5ce0 elementor-section-boxed elementor-section-height-default elementor-section-height-default\" data-id=\"d8f5ce0\" data-element_type=\"section\">\n\t\t\t\t\t\t<div class=\"elementor-container elementor-column-gap-default\">\n\t\t\t\t\t<div class=\"elementor-column elementor-col-50 elementor-inner-column elementor-element elementor-element-36bb671\" data-id=\"36bb671\" data-element_type=\"column\">\n\t\t\t<div class=\"elementor-widget-wrap elementor-element-populated\">\n\t\t\t\t\t\t<div class=\"elementor-element elementor-element-42ae5c5 elementor-widget elementor-widget-text-editor\" data-id=\"42ae5c5\" data-element_type=\"widget\" data-widget_type=\"text-editor.default\">\n\t\t\t\t<div class=\"elementor-widget-container\">\n\t\t\t\t\t\t\t<h4>Attention gens des Maritimes!<\/h4><p>Pour une dur\u00e9e limit\u00e9e, \u00e9conomisez davantage* sur le stationnement d\u2019a\u00e9roport et faites des folies avec une plus grande escapade printani\u00e8re\u00a0! R\u00e9servez votre prochain s\u00e9jour sur parknfly.ca et \u00e9conomisez gros chez Park&#8217;N Fly \u00e0 Halifax.<\/p><p>Offre valable du 17 mars au 30 avril 2024.<\/p><p>\u00a0<\/p>\t\t\t\t\t\t<\/div>\n\t\t\t\t<\/div>\n\t\t\t\t\t<\/div>\n\t\t<\/div>\n\t\t\t\t<div class=\"elementor-column elementor-col-50 elementor-inner-column elementor-element elementor-element-f930462\" data-id=\"f930462\" data-element_type=\"column\">\n\t\t\t<div class=\"elementor-widget-wrap elementor-element-populated\">\n\t\t\t\t\t\t<div class=\"elementor-element elementor-element-6cad8d4 elementor-widget elementor-widget-image\" data-id=\"6cad8d4\" data-element_type=\"widget\" data-widget_type=\"image.default\">\n\t\t\t\t<div class=\"elementor-widget-container\">\n\t\t\t\t\t\t\t\t\t\t<figure class=\"wp-caption\">\n\t\t\t\t\t\t\t\t\t\t\t<a href=\"https:\/\/staging-admin.parknfly.ca\/wp-content\/uploads\/2024\/03\/PNF-SpringFling-2024-FR.png\">\n\t\t\t\t\t\t\t<img fetchpriority=\"high\" decoding=\"async\" width=\"811\" height=\"1024\" src=\"https:\/\/staging-admin.parknfly.ca\/wp-content\/uploads\/2024\/03\/PNF-SpringFling-2024-FR-811x1024.png\" class=\"attachment-large size-large wp-image-22091\" alt=\"\" srcset=\"https:\/\/staging-admin.parknfly.ca\/wp-content\/uploads\/2024\/03\/PNF-SpringFling-2024-FR-811x1024.png 811w, https:\/\/staging-admin.parknfly.ca\/wp-content\/uploads\/2024\/03\/PNF-SpringFling-2024-FR-238x300.png 238w, https:\/\/staging-admin.parknfly.ca\/wp-content\/uploads\/2024\/03\/PNF-SpringFling-2024-FR-768x970.png 768w, https:\/\/staging-admin.parknfly.ca\/wp-content\/uploads\/2024\/03\/PNF-SpringFling-2024-FR-1216x1536.png 1216w, https:\/\/staging-admin.parknfly.ca\/wp-content\/uploads\/2024\/03\/PNF-SpringFling-2024-FR-1621x2048.png 1621w\" sizes=\"(max-width: 811px) 100vw, 811px\" \/>\t\t\t\t\t\t\t\t<\/a>\n\t\t\t\t\t\t\t\t\t\t\t<figcaption class=\"widget-image-caption wp-caption-text\">T\u00e9l\u00e9charger la brochure<\/figcaption>\n\t\t\t\t\t\t\t\t\t\t<\/figure>\n\t\t\t\t\t\t\t<\/div>\n\t\t\t\t<\/div>\n\t\t\t\t\t<\/div>\n\t\t<\/div>\n\t\t\t\t\t<\/div>\n\t\t<\/section>\n\t\t\t\t\t<\/div>\n\t\t<\/div>\n\t\t\t\t\t<\/div>\n\t\t<\/section>\n\t\t\t\t<section class=\"elementor-section elementor-top-section elementor-element elementor-element-d13df75 elementor-section-boxed elementor-section-height-default elementor-section-height-default\" data-id=\"d13df75\" data-element_type=\"section\">\n\t\t\t\t\t\t<div class=\"elementor-container elementor-column-gap-default\">\n\t\t\t\t\t<div class=\"elementor-column elementor-col-100 elementor-top-column elementor-element elementor-element-a0ff73f\" data-id=\"a0ff73f\" data-element_type=\"column\">\n\t\t\t<div class=\"elementor-widget-wrap elementor-element-populated\">\n\t\t\t\t\t\t<div class=\"elementor-element elementor-element-9778eb6 elementor-align-left elementor-widget elementor-widget-button\" data-id=\"9778eb6\" data-element_type=\"widget\" data-widget_type=\"button.default\">\n\t\t\t\t<div class=\"elementor-widget-container\">\n\t\t\t\t\t\t\t<div class=\"elementor-button-wrapper\">\n\t\t\t\t\t<a class=\"elementor-button elementor-button-link elementor-size-xl\" href=\"https:\/\/staging.parknfly.ca\/fr\/emplacement\/stationnement-a-laeroport-halifax\/\">\n\t\t\t\t\t\t<span class=\"elementor-button-content-wrapper\">\n\t\t\t\t\t\t\t\t\t<span class=\"elementor-button-text\">R\u00e9servez maintenant<\/span>\n\t\t\t\t\t<\/span>\n\t\t\t\t\t<\/a>\n\t\t\t\t<\/div>\n\t\t\t\t\t\t<\/div>\n\t\t\t\t<\/div>\n\t\t\t\t\t<\/div>\n\t\t<\/div>\n\t\t\t\t\t<\/div>\n\t\t<\/section>\n\t\t\t\t<section class=\"elementor-section elementor-top-section elementor-element elementor-element-44b6ed3 elementor-section-boxed elementor-section-height-default elementor-section-height-default\" data-id=\"44b6ed3\" data-element_type=\"section\">\n\t\t\t\t\t\t<div class=\"elementor-container elementor-column-gap-default\">\n\t\t\t\t\t<div class=\"elementor-column elementor-col-100 elementor-top-column elementor-element elementor-element-29dbd4a\" data-id=\"29dbd4a\" data-element_type=\"column\">\n\t\t\t<div class=\"elementor-widget-wrap\">\n\t\t\t\t\t\t\t<\/div>\n\t\t<\/div>\n\t\t\t\t\t<\/div>\n\t\t<\/section>\n\t\t\t\t<section class=\"elementor-section elementor-top-section elementor-element elementor-element-38b4a2f elementor-section-boxed elementor-section-height-default elementor-section-height-default\" data-id=\"38b4a2f\" data-element_type=\"section\">\n\t\t\t\t\t\t<div class=\"elementor-container elementor-column-gap-default\">\n\t\t\t\t\t<div class=\"elementor-column elementor-col-100 elementor-top-column elementor-element elementor-element-d34527c\" data-id=\"d34527c\" data-element_type=\"column\">\n\t\t\t<div class=\"elementor-widget-wrap elementor-element-populated\">\n\t\t\t\t\t\t<div class=\"elementor-element elementor-element-c2e2a44 elementor-widget elementor-widget-spacer\" data-id=\"c2e2a44\" data-element_type=\"widget\" data-widget_type=\"spacer.default\">\n\t\t\t\t<div class=\"elementor-widget-container\">\n\t\t\t\t\t<div class=\"elementor-spacer\">\n\t\t\t<div class=\"elementor-spacer-inner\"><\/div>\n\t\t<\/div>\n\t\t\t\t<\/div>\n\t\t\t\t<\/div>\n\t\t\t\t\t<\/div>\n\t\t<\/div>\n\t\t\t\t\t<\/div>\n\t\t<\/section>\n\t\t\t\t<section class=\"elementor-section elementor-top-section elementor-element elementor-element-de72a8a elementor-section-boxed elementor-section-height-default elementor-section-height-default\" data-id=\"de72a8a\" data-element_type=\"section\">\n\t\t\t\t\t\t<div class=\"elementor-container elementor-column-gap-default\">\n\t\t\t\t\t<div class=\"elementor-column elementor-col-100 elementor-top-column elementor-element elementor-element-f77fc9e\" data-id=\"f77fc9e\" data-element_type=\"column\">\n\t\t\t<div class=\"elementor-widget-wrap elementor-element-populated\">\n\t\t\t\t\t\t<div class=\"elementor-element elementor-element-509aa2f elementor-widget elementor-widget-text-editor\" data-id=\"509aa2f\" data-element_type=\"widget\" data-widget_type=\"text-editor.default\">\n\t\t\t\t<div class=\"elementor-widget-container\">\n\t\t\t\t\t\t\t<p>*La r\u00e9servation doit \u00eatre effectu\u00e9e pour b\u00e9n\u00e9ficier du rabais. Offre valable chez Park&#8217;N Fly \u00e0 Halifax uniquement et valide entre le 17 mars et le 30 avril 2024. Les \u00e9conomies sont bas\u00e9es sur les tarifs affich\u00e9s. Les frais commencent au moment de l&#8217;enregistrement et sont bas\u00e9s sur une p\u00e9riode minimale de 24 heures. Une semaine \u00e9quivaut \u00e0 7 p\u00e9riodes cons\u00e9cutives de 24 heures. Non cumulable avec toute autre r\u00e9duction ou promotion. Tous les tarifs et suppl\u00e9ments sont assujettis aux taxes applicables. Les tarifs peuvent changer sans pr\u00e9avis. Les rabais ne s\u2019appliquent pas aux taxes et aux suppl\u00e9ments. Des conditions et des restrictions peuvent s&#8217;appliquer. Park&#8217;N Fly est une marque d\u00e9pos\u00e9e de 1884901 Alberta Ltd.<\/p>\t\t\t\t\t\t<\/div>\n\t\t\t\t<\/div>\n\t\t\t\t\t<\/div>\n\t\t<\/div>\n\t\t\t\t\t<\/div>\n\t\t<\/section>\n\t\t\t\t<\/div>\n\t\t","protected":false},"excerpt":{"rendered":"<p>\u00c9conomisez davantage sur le stationnement d\u2019a\u00e9roport ce printemps Attention gens des Maritimes! Pour une dur\u00e9e limit\u00e9e, \u00e9conomisez davantage* sur le stationnement d\u2019a\u00e9roport et faites des folies avec une plus grande escapade printani\u00e8re\u00a0! R\u00e9servez votre prochain s\u00e9jour sur parknfly.ca et \u00e9conomisez gros chez Park&#8217;N Fly \u00e0 Halifax. Offre valable du 17 mars au 30 avril 2024. &hellip; <a href=\"https:\/\/staging-admin.parknfly.ca\/fr\/halifax-promotion-de-printemps\/\">Continuer<\/a><\/p>\n","protected":false},"author":10,"featured_media":0,"parent":0,"menu_order":0,"comment_status":"closed","ping_status":"closed","template":"","meta":{"_acf_changed":false,"_monsterinsights_skip_tracking":false,"_monsterinsights_sitenote_active":false,"_monsterinsights_sitenote_note":"","_monsterinsights_sitenote_category":0,"footnotes":""},"yst_prominent_words":[376,2570,38],"class_list":["post-18970","page","type-page","status-publish","hentry"],"acf":[],"_links":{"self":[{"href":"https:\/\/staging-admin.parknfly.ca\/fr\/wp-json\/wp\/v2\/pages\/18970","targetHints":{"allow":["GET"]}}],"collection":[{"href":"https:\/\/staging-admin.parknfly.ca\/fr\/wp-json\/wp\/v2\/pages"}],"about":[{"href":"https:\/\/staging-admin.parknfly.ca\/fr\/wp-json\/wp\/v2\/types\/page"}],"author":[{"embeddable":true,"href":"https:\/\/staging-admin.parknfly.ca\/fr\/wp-json\/wp\/v2\/users\/10"}],"replies":[{"embeddable":true,"href":"https:\/\/staging-admin.parknfly.ca\/fr\/wp-json\/wp\/v2\/comments?post=18970"}],"version-history":[{"count":29,"href":"https:\/\/staging-admin.parknfly.ca\/fr\/wp-json\/wp\/v2\/pages\/18970\/revisions"}],"predecessor-version":[{"id":22114,"href":"https:\/\/staging-admin.parknfly.ca\/fr\/wp-json\/wp\/v2\/pages\/18970\/revisions\/22114"}],"wp:attachment":[{"href":"https:\/\/staging-admin.parknfly.ca\/fr\/wp-json\/wp\/v2\/media?parent=18970"}],"wp:term":[{"taxonomy":"yst_prominent_words","embeddable":true,"href":"https:\/\/staging-admin.parknfly.ca\/fr\/wp-json\/wp\/v2\/yst_prominent_words?post=18970"}],"curies":[{"name":"wp","href":"https:\/\/api.w.org\/{rel}","templated":true}]}}