{"id":18068,"date":"2022-10-04T18:51:14","date_gmt":"2022-10-04T18:51:14","guid":{"rendered":"https:\/\/staging-admin.parknfly.ca\/aeroplancontest\/"},"modified":"2022-10-26T19:18:03","modified_gmt":"2022-10-26T19:18:03","slug":"aeroplan-concurs","status":"publish","type":"page","link":"https:\/\/staging-admin.parknfly.ca\/fr\/aeroplan-concurs\/","title":{"rendered":"2022 Aeroplan Contest FR"},"content":{"rendered":"\t\t<div data-elementor-type=\"wp-page\" data-elementor-id=\"18068\" class=\"elementor elementor-18068 elementor-18009\" data-elementor-post-type=\"page\">\n\t\t\t\t\t\t<section class=\"elementor-section elementor-top-section elementor-element elementor-element-654a8d5 elementor-section-height-min-height elementor-section-items-bottom sub-banner elementor-section-boxed elementor-section-height-default\" data-id=\"654a8d5\" data-element_type=\"section\" data-settings=\"{&quot;background_background&quot;:&quot;classic&quot;}\">\n\t\t\t\t\t\t\t<div class=\"elementor-background-overlay\"><\/div>\n\t\t\t\t\t\t\t<div class=\"elementor-container elementor-column-gap-default\">\n\t\t\t\t\t<div class=\"elementor-column elementor-col-100 elementor-top-column elementor-element elementor-element-e6ce804\" data-id=\"e6ce804\" data-element_type=\"column\">\n\t\t\t<div class=\"elementor-widget-wrap\">\n\t\t\t\t\t\t\t<\/div>\n\t\t<\/div>\n\t\t\t\t\t<\/div>\n\t\t<\/section>\n\t\t\t\t<section class=\"elementor-section elementor-top-section elementor-element elementor-element-d13beb7 elementor-section-boxed elementor-section-height-default elementor-section-height-default\" data-id=\"d13beb7\" data-element_type=\"section\">\n\t\t\t\t\t\t<div class=\"elementor-container elementor-column-gap-default\">\n\t\t\t\t\t<div class=\"elementor-column elementor-col-50 elementor-top-column elementor-element elementor-element-439e540\" data-id=\"439e540\" data-element_type=\"column\">\n\t\t\t<div class=\"elementor-widget-wrap elementor-element-populated\">\n\t\t\t\t\t\t<div class=\"elementor-element elementor-element-52095d8 elementor-widget elementor-widget-heading\" data-id=\"52095d8\" data-element_type=\"widget\" data-widget_type=\"heading.default\">\n\t\t\t\t<div class=\"elementor-widget-container\">\n\t\t\t<h1 class=\"elementor-heading-title elementor-size-default\">Participez pour courir la chance de GAGNER 100&nbsp;000 points A\u00e9roplan\u00ae*\n<\/h1>\t\t<\/div>\n\t\t\t\t<\/div>\n\t\t\t\t<div class=\"elementor-element elementor-element-d9e488b elementor-widget elementor-widget-text-editor\" data-id=\"d9e488b\" data-element_type=\"widget\" data-widget_type=\"text-editor.default\">\n\t\t\t\t<div class=\"elementor-widget-container\">\n\t\t\t\t\t\t\t<p>Il est temps de rendre votre prochain s\u00e9jour de stationnement d\u2019a\u00e9roport Park\u2019N Fly encore plus gratifiant!<\/p><p>Pour courir la chance de gagner 100\u00a0000 points A\u00e9roplan, enregistrez simplement votre num\u00e9ro A\u00e9roplan et utilisez ce num\u00e9ro\u00a0A\u00e9roplan lors de votre prochain s\u00e9jour admissible. Le concours se d\u00e9roulera du 1er novembre au 15 d\u00e9cembre 2022.\u00a0<\/p><p>Ne ratez pas cette occasion de gagner. Inscrivez-vous\u00a0et courez la chance de gagner d\u00e8s aujourd\u2019hui!<\/p>\t\t\t\t\t\t<\/div>\n\t\t\t\t<\/div>\n\t\t\t\t\t<\/div>\n\t\t<\/div>\n\t\t\t\t<div class=\"elementor-column elementor-col-50 elementor-top-column elementor-element elementor-element-fe40669\" data-id=\"fe40669\" data-element_type=\"column\">\n\t\t\t<div class=\"elementor-widget-wrap\">\n\t\t\t\t\t\t\t<\/div>\n\t\t<\/div>\n\t\t\t\t\t<\/div>\n\t\t<\/section>\n\t\t\t\t<section class=\"elementor-section elementor-top-section elementor-element elementor-element-64f4d5c elementor-section-boxed elementor-section-height-default elementor-section-height-default\" data-id=\"64f4d5c\" data-element_type=\"section\">\n\t\t\t\t\t\t<div class=\"elementor-container elementor-column-gap-default\">\n\t\t\t\t\t<div class=\"elementor-column elementor-col-100 elementor-top-column elementor-element elementor-element-fb33117\" data-id=\"fb33117\" data-element_type=\"column\">\n\t\t\t<div class=\"elementor-widget-wrap elementor-element-populated\">\n\t\t\t\t\t\t<div class=\"elementor-element elementor-element-35eb07b elementor-widget elementor-widget-heading\" data-id=\"35eb07b\" data-element_type=\"widget\" data-widget_type=\"heading.default\">\n\t\t\t\t<div class=\"elementor-widget-container\">\n\t\t\t<h2 class=\"elementor-heading-title elementor-size-default\">COMMENT PARTICIPER<\/h2>\t\t<\/div>\n\t\t\t\t<\/div>\n\t\t\t\t<div class=\"elementor-element elementor-element-a13640f elementor-widget elementor-widget-spacer\" data-id=\"a13640f\" data-element_type=\"widget\" data-widget_type=\"spacer.default\">\n\t\t\t\t<div class=\"elementor-widget-container\">\n\t\t\t\t\t<div class=\"elementor-spacer\">\n\t\t\t<div class=\"elementor-spacer-inner\"><\/div>\n\t\t<\/div>\n\t\t\t\t<\/div>\n\t\t\t\t<\/div>\n\t\t\t\t\t<\/div>\n\t\t<\/div>\n\t\t\t\t\t<\/div>\n\t\t<\/section>\n\t\t\t\t<section class=\"elementor-section elementor-top-section elementor-element elementor-element-f16ba77 elementor-section-boxed elementor-section-height-default elementor-section-height-default\" data-id=\"f16ba77\" data-element_type=\"section\">\n\t\t\t\t\t\t<div class=\"elementor-container elementor-column-gap-default\">\n\t\t\t\t\t<div class=\"elementor-column elementor-col-100 elementor-top-column elementor-element elementor-element-98ab86b\" data-id=\"98ab86b\" data-element_type=\"column\">\n\t\t\t<div class=\"elementor-widget-wrap elementor-element-populated\">\n\t\t\t\t\t\t<div class=\"elementor-element elementor-element-6c18ee0 elementor-widget elementor-widget-heading\" data-id=\"6c18ee0\" data-element_type=\"widget\" data-widget_type=\"heading.default\">\n\t\t\t\t<div class=\"elementor-widget-container\">\n\t\t\t<h2 class=\"elementor-heading-title elementor-size-default\">1<\/h2>\t\t<\/div>\n\t\t\t\t<\/div>\n\t\t\t\t\t<\/div>\n\t\t<\/div>\n\t\t\t\t\t<\/div>\n\t\t<\/section>\n\t\t\t\t<section class=\"elementor-section elementor-top-section elementor-element elementor-element-0073069 elementor-section-boxed elementor-section-height-default elementor-section-height-default\" data-id=\"0073069\" data-element_type=\"section\">\n\t\t\t\t\t\t<div class=\"elementor-container elementor-column-gap-default\">\n\t\t\t\t\t<div class=\"elementor-column elementor-col-100 elementor-top-column elementor-element elementor-element-257ff25\" data-id=\"257ff25\" data-element_type=\"column\">\n\t\t\t<div class=\"elementor-widget-wrap elementor-element-populated\">\n\t\t\t\t\t\t<div class=\"elementor-element elementor-element-154d606 elementor-widget elementor-widget-text-editor\" data-id=\"154d606\" data-element_type=\"widget\" data-widget_type=\"text-editor.default\">\n\t\t\t\t<div class=\"elementor-widget-container\">\n\t\t\t\t\t\t\t<p>Enregistrez votre num\u00e9ro A\u00e9roplan \u00e0 <a href=\"http:\/\/staging.parknfly.ca\/fr\/concoursaeroplan-participez\"><strong>staging.parknfly.ca\/fr\/concoursaeroplan-participez<\/strong><\/a><\/p>\t\t\t\t\t\t<\/div>\n\t\t\t\t<\/div>\n\t\t\t\t\t<\/div>\n\t\t<\/div>\n\t\t\t\t\t<\/div>\n\t\t<\/section>\n\t\t\t\t<section class=\"elementor-section elementor-top-section elementor-element elementor-element-62dcc44 elementor-section-boxed elementor-section-height-default elementor-section-height-default\" data-id=\"62dcc44\" data-element_type=\"section\">\n\t\t\t\t\t\t<div class=\"elementor-container elementor-column-gap-default\">\n\t\t\t\t\t<div class=\"elementor-column elementor-col-100 elementor-top-column elementor-element elementor-element-1b7af5b\" data-id=\"1b7af5b\" data-element_type=\"column\">\n\t\t\t<div class=\"elementor-widget-wrap elementor-element-populated\">\n\t\t\t\t\t\t<div class=\"elementor-element elementor-element-6476040 elementor-widget elementor-widget-heading\" data-id=\"6476040\" data-element_type=\"widget\" data-widget_type=\"heading.default\">\n\t\t\t\t<div class=\"elementor-widget-container\">\n\t\t\t<h2 class=\"elementor-heading-title elementor-size-default\">2<\/h2>\t\t<\/div>\n\t\t\t\t<\/div>\n\t\t\t\t\t<\/div>\n\t\t<\/div>\n\t\t\t\t\t<\/div>\n\t\t<\/section>\n\t\t\t\t<section class=\"elementor-section elementor-top-section elementor-element elementor-element-1a72b00 elementor-section-boxed elementor-section-height-default elementor-section-height-default\" data-id=\"1a72b00\" data-element_type=\"section\">\n\t\t\t\t\t\t<div class=\"elementor-container elementor-column-gap-default\">\n\t\t\t\t\t<div class=\"elementor-column elementor-col-100 elementor-top-column elementor-element elementor-element-afaa68d\" data-id=\"afaa68d\" data-element_type=\"column\">\n\t\t\t<div class=\"elementor-widget-wrap elementor-element-populated\">\n\t\t\t\t\t\t<div class=\"elementor-element elementor-element-9f0ec57 elementor-widget elementor-widget-text-editor\" data-id=\"9f0ec57\" data-element_type=\"widget\" data-widget_type=\"text-editor.default\">\n\t\t\t\t<div class=\"elementor-widget-container\">\n\t\t\t\t\t\t\t<p>Associez votre num\u00e9ro a\u00e9roplan \u00e0 votre s\u00e9jour de stationnement<\/p>\t\t\t\t\t\t<\/div>\n\t\t\t\t<\/div>\n\t\t\t\t\t<\/div>\n\t\t<\/div>\n\t\t\t\t\t<\/div>\n\t\t<\/section>\n\t\t\t\t<section class=\"elementor-section elementor-top-section elementor-element elementor-element-ba8b890 elementor-section-boxed elementor-section-height-default elementor-section-height-default\" data-id=\"ba8b890\" data-element_type=\"section\">\n\t\t\t\t\t\t<div class=\"elementor-container elementor-column-gap-default\">\n\t\t\t\t\t<div class=\"elementor-column elementor-col-16 elementor-top-column elementor-element elementor-element-b4d5fb7\" data-id=\"b4d5fb7\" data-element_type=\"column\">\n\t\t\t<div class=\"elementor-widget-wrap elementor-element-populated\">\n\t\t\t\t\t\t<div class=\"elementor-element elementor-element-5bd5a4e elementor-widget elementor-widget-image\" data-id=\"5bd5a4e\" data-element_type=\"widget\" data-widget_type=\"image.default\">\n\t\t\t\t<div class=\"elementor-widget-container\">\n\t\t\t\t\t\t\t\t\t\t\t\t\t<img decoding=\"async\" width=\"75\" height=\"108\" src=\"https:\/\/staging-admin.parknfly.ca\/wp-content\/uploads\/2022\/10\/phone-2.png\" class=\"attachment-large size-large wp-image-18062\" alt=\"\" \/>\t\t\t\t\t\t\t\t\t\t\t\t\t<\/div>\n\t\t\t\t<\/div>\n\t\t\t\t\t<\/div>\n\t\t<\/div>\n\t\t\t\t<div class=\"elementor-column elementor-col-16 elementor-top-column elementor-element elementor-element-c65ec8f\" data-id=\"c65ec8f\" data-element_type=\"column\">\n\t\t\t<div class=\"elementor-widget-wrap elementor-element-populated\">\n\t\t\t\t\t\t<div class=\"elementor-element elementor-element-6133b53 elementor-widget elementor-widget-text-editor\" data-id=\"6133b53\" data-element_type=\"widget\" data-widget_type=\"text-editor.default\">\n\t\t\t\t<div class=\"elementor-widget-container\">\n\t\t\t\t\t\t\t<p><strong>SUR L\u2019APP<\/strong><br \/><span style=\"font-size: 1.125rem;\">Enregistrez votre num\u00e9ro A\u00e9roplan dans votre profil du programme de R\u00e9compenses Park\u2019N Fly et r\u00e9servez<\/span><\/p>\t\t\t\t\t\t<\/div>\n\t\t\t\t<\/div>\n\t\t\t\t\t<\/div>\n\t\t<\/div>\n\t\t\t\t<div class=\"elementor-column elementor-col-16 elementor-top-column elementor-element elementor-element-03ae072\" data-id=\"03ae072\" data-element_type=\"column\">\n\t\t\t<div class=\"elementor-widget-wrap elementor-element-populated\">\n\t\t\t\t\t\t<div class=\"elementor-element elementor-element-db88c50 elementor-widget elementor-widget-image\" data-id=\"db88c50\" data-element_type=\"widget\" data-widget_type=\"image.default\">\n\t\t\t\t<div class=\"elementor-widget-container\">\n\t\t\t\t\t\t\t\t\t\t\t\t\t<img decoding=\"async\" width=\"108\" height=\"108\" src=\"https:\/\/staging-admin.parknfly.ca\/wp-content\/uploads\/2022\/10\/pc-2.png\" class=\"attachment-thumbnail size-thumbnail wp-image-18060\" alt=\"\" \/>\t\t\t\t\t\t\t\t\t\t\t\t\t<\/div>\n\t\t\t\t<\/div>\n\t\t\t\t\t<\/div>\n\t\t<\/div>\n\t\t\t\t<div class=\"elementor-column elementor-col-16 elementor-top-column elementor-element elementor-element-afbfe8b\" data-id=\"afbfe8b\" data-element_type=\"column\">\n\t\t\t<div class=\"elementor-widget-wrap elementor-element-populated\">\n\t\t\t\t\t\t<div class=\"elementor-element elementor-element-d4c999b elementor-widget elementor-widget-text-editor\" data-id=\"d4c999b\" data-element_type=\"widget\" data-widget_type=\"text-editor.default\">\n\t\t\t\t<div class=\"elementor-widget-container\">\n\t\t\t\t\t\t\t<div><strong>EN LIGNE<\/strong><\/div><div><p>Entrez votre num\u00e9ro A\u00e9roplan lors de la r\u00e9servation de votre prochain s\u00e9jour sur parknfly.ca<\/p><\/div>\t\t\t\t\t\t<\/div>\n\t\t\t\t<\/div>\n\t\t\t\t\t<\/div>\n\t\t<\/div>\n\t\t\t\t<div class=\"elementor-column elementor-col-16 elementor-top-column elementor-element elementor-element-13dbe08\" data-id=\"13dbe08\" data-element_type=\"column\">\n\t\t\t<div class=\"elementor-widget-wrap elementor-element-populated\">\n\t\t\t\t\t\t<div class=\"elementor-element elementor-element-2579595 elementor-widget elementor-widget-image\" data-id=\"2579595\" data-element_type=\"widget\" data-widget_type=\"image.default\">\n\t\t\t\t<div class=\"elementor-widget-container\">\n\t\t\t\t\t\t\t\t\t\t\t\t\t<img decoding=\"async\" src=\"https:\/\/staging-admin.parknfly.ca\/wp-content\/uploads\/elementor\/thumbs\/checkout-1-pvqdqcmuwvsci0qf32dap4zhlv6pi9vn8dn0s4ng14.png\" title=\"checkout\" alt=\"checkout\" loading=\"lazy\" \/>\t\t\t\t\t\t\t\t\t\t\t\t\t<\/div>\n\t\t\t\t<\/div>\n\t\t\t\t\t<\/div>\n\t\t<\/div>\n\t\t\t\t<div class=\"elementor-column elementor-col-16 elementor-top-column elementor-element elementor-element-ca76f50\" data-id=\"ca76f50\" data-element_type=\"column\">\n\t\t\t<div class=\"elementor-widget-wrap elementor-element-populated\">\n\t\t\t\t\t\t<div class=\"elementor-element elementor-element-760f8e2 elementor-widget elementor-widget-text-editor\" data-id=\"760f8e2\" data-element_type=\"widget\" data-widget_type=\"text-editor.default\">\n\t\t\t\t<div class=\"elementor-widget-container\">\n\t\t\t\t\t\t\t<p><strong>D\u00c9PART<\/strong><br \/>Montrez votre carte A\u00e9roplan au moment du paiement<\/p>\t\t\t\t\t\t<\/div>\n\t\t\t\t<\/div>\n\t\t\t\t\t<\/div>\n\t\t<\/div>\n\t\t\t\t\t<\/div>\n\t\t<\/section>\n\t\t\t\t<section class=\"elementor-section elementor-top-section elementor-element elementor-element-e49e54c elementor-section-boxed elementor-section-height-default elementor-section-height-default\" data-id=\"e49e54c\" data-element_type=\"section\">\n\t\t\t\t\t\t<div class=\"elementor-container elementor-column-gap-default\">\n\t\t\t\t\t<div class=\"elementor-column elementor-col-100 elementor-top-column elementor-element elementor-element-d94d7e1\" data-id=\"d94d7e1\" data-element_type=\"column\">\n\t\t\t<div class=\"elementor-widget-wrap elementor-element-populated\">\n\t\t\t\t\t\t<div class=\"elementor-element elementor-element-82ae478 elementor-widget elementor-widget-text-editor\" data-id=\"82ae478\" data-element_type=\"widget\" data-widget_type=\"text-editor.default\">\n\t\t\t\t<div class=\"elementor-widget-container\">\n\t\t\t\t\t\t\t<p>Aucun achat n\u00e9cessaire. Consultez les r\u00e8gles pour plus de d\u00e9tails.<\/p>\t\t\t\t\t\t<\/div>\n\t\t\t\t<\/div>\n\t\t\t\t\t<\/div>\n\t\t<\/div>\n\t\t\t\t\t<\/div>\n\t\t<\/section>\n\t\t\t\t<section class=\"elementor-section elementor-top-section elementor-element elementor-element-dfb4541 elementor-section-boxed elementor-section-height-default elementor-section-height-default\" data-id=\"dfb4541\" data-element_type=\"section\">\n\t\t\t\t\t\t<div class=\"elementor-container elementor-column-gap-default\">\n\t\t\t\t\t<div class=\"elementor-column elementor-col-100 elementor-top-column elementor-element elementor-element-14c183d\" data-id=\"14c183d\" data-element_type=\"column\">\n\t\t\t<div class=\"elementor-widget-wrap elementor-element-populated\">\n\t\t\t\t\t\t<div class=\"elementor-element elementor-element-6766910 elementor-widget elementor-widget-spacer\" data-id=\"6766910\" data-element_type=\"widget\" data-widget_type=\"spacer.default\">\n\t\t\t\t<div class=\"elementor-widget-container\">\n\t\t\t\t\t<div class=\"elementor-spacer\">\n\t\t\t<div class=\"elementor-spacer-inner\"><\/div>\n\t\t<\/div>\n\t\t\t\t<\/div>\n\t\t\t\t<\/div>\n\t\t\t\t\t<\/div>\n\t\t<\/div>\n\t\t\t\t\t<\/div>\n\t\t<\/section>\n\t\t\t\t<section class=\"elementor-section elementor-top-section elementor-element elementor-element-4d95025 elementor-section-boxed elementor-section-height-default elementor-section-height-default\" data-id=\"4d95025\" data-element_type=\"section\">\n\t\t\t\t\t\t<div class=\"elementor-container elementor-column-gap-default\">\n\t\t\t\t\t<div class=\"elementor-column elementor-col-100 elementor-top-column elementor-element elementor-element-e805d82\" data-id=\"e805d82\" data-element_type=\"column\">\n\t\t\t<div class=\"elementor-widget-wrap elementor-element-populated\">\n\t\t\t\t\t\t<div class=\"elementor-element elementor-element-419fa80 elementor-widget elementor-widget-image\" data-id=\"419fa80\" data-element_type=\"widget\" data-widget_type=\"image.default\">\n\t\t\t\t<div class=\"elementor-widget-container\">\n\t\t\t\t\t\t\t\t\t\t\t\t\t<img decoding=\"async\" width=\"300\" height=\"42\" src=\"https:\/\/staging-admin.parknfly.ca\/wp-content\/uploads\/2022\/10\/Aeroplan_Primary_Logo_RGB-300x42.jpg\" class=\"attachment-medium size-medium wp-image-18022\" alt=\"\" srcset=\"https:\/\/staging-admin.parknfly.ca\/wp-content\/uploads\/2022\/10\/Aeroplan_Primary_Logo_RGB-300x42.jpg 300w, https:\/\/staging-admin.parknfly.ca\/wp-content\/uploads\/2022\/10\/Aeroplan_Primary_Logo_RGB-1024x142.jpg 1024w, https:\/\/staging-admin.parknfly.ca\/wp-content\/uploads\/2022\/10\/Aeroplan_Primary_Logo_RGB-768x107.jpg 768w, https:\/\/staging-admin.parknfly.ca\/wp-content\/uploads\/2022\/10\/Aeroplan_Primary_Logo_RGB.jpg 1087w\" sizes=\"(max-width: 300px) 100vw, 300px\" \/>\t\t\t\t\t\t\t\t\t\t\t\t\t<\/div>\n\t\t\t\t<\/div>\n\t\t\t\t\t<\/div>\n\t\t<\/div>\n\t\t\t\t\t<\/div>\n\t\t<\/section>\n\t\t\t\t<section class=\"elementor-section elementor-top-section elementor-element elementor-element-de72a8a elementor-section-boxed elementor-section-height-default elementor-section-height-default\" data-id=\"de72a8a\" data-element_type=\"section\">\n\t\t\t\t\t\t<div class=\"elementor-container elementor-column-gap-default\">\n\t\t\t\t\t<div class=\"elementor-column elementor-col-100 elementor-top-column elementor-element elementor-element-f77fc9e\" data-id=\"f77fc9e\" data-element_type=\"column\">\n\t\t\t<div class=\"elementor-widget-wrap elementor-element-populated\">\n\t\t\t\t\t\t<div class=\"elementor-element elementor-element-2a37468 elementor-widget elementor-widget-spacer\" data-id=\"2a37468\" data-element_type=\"widget\" data-widget_type=\"spacer.default\">\n\t\t\t\t<div class=\"elementor-widget-container\">\n\t\t\t\t\t<div class=\"elementor-spacer\">\n\t\t\t<div class=\"elementor-spacer-inner\"><\/div>\n\t\t<\/div>\n\t\t\t\t<\/div>\n\t\t\t\t<\/div>\n\t\t\t\t<div class=\"elementor-element elementor-element-509aa2f elementor-widget elementor-widget-text-editor\" data-id=\"509aa2f\" data-element_type=\"widget\" data-widget_type=\"text-editor.default\">\n\t\t\t\t<div class=\"elementor-widget-container\">\n\t\t\t\t\t\t\t<p><strong>*Consultez les r\u00e8gles et r\u00e8glements pour conna\u00eetre les d\u00e9tails de l\u2019inscription sans achat. Visitez <a href=\"http:\/\/staging.parknfly.ca\/fr\/reglesaeroplan\">staging.parknfly.ca\/fr\/reglesaeroplan<\/a><\/strong> pour conna\u00eetre les r\u00e8gles et r\u00e8glements du concours. Doit avoir un num\u00e9ro A\u00e9roplan valide enregistr\u00e9 et avoir compl\u00e9t\u00e9 le s\u00e9jour (enregistrement et d\u00e9part) entre le 1er novembre 2022 et le 15 d\u00e9cembre 2022 pour courir la chance de gagner. L\u2019inscription \u00e0 A\u00e9roplan doit \u00eatre effectu\u00e9e au plus tard le 15 d\u00e9cembre 2022 \u00e0 23h 59 (HE). Les emplacements participants incluent: les stationnements Valet, Libre-service A\/B, et Economy de Toronto, le stationnement Valet de Vancouver, les stationnements Valet et Libre-service de Winnipeg, le stationnement Libre-service d\u2019Edmonton, le stationnement Libre-service d\u2019Ottawa et le stationnement Libre-service d\u2019Halifax. Sont exclus les emplacements Park&#8217;N Fly de Montr\u00e9al. Le gagnant du Grand Prix recevra 100\u00a0000 points A\u00e9roplan. Une valeur approximative de 1\u00a0600 $ CA. L\u2019application Park\u2019N Fly n\u2019est pas disponible \u00e0 Halifax. A\u00e9roplan\u00ae et le logo A\u00e9roplan sont des marques de commerce d\u00e9pos\u00e9es de Aeroplan Inc. Park\u2019N Fly est une marque de commerce d\u00e9pos\u00e9e de 1884901 Alberta Ltd.<\/p>\t\t\t\t\t\t<\/div>\n\t\t\t\t<\/div>\n\t\t\t\t\t<\/div>\n\t\t<\/div>\n\t\t\t\t\t<\/div>\n\t\t<\/section>\n\t\t\t\t<\/div>\n\t\t","protected":false},"excerpt":{"rendered":"<p>Participez pour courir la chance de GAGNER 100\u00a0000 points A\u00e9roplan\u00ae* Il est temps de rendre votre prochain s\u00e9jour de stationnement d\u2019a\u00e9roport Park\u2019N Fly encore plus gratifiant! Pour courir la chance de gagner 100\u00a0000 points A\u00e9roplan, enregistrez simplement votre num\u00e9ro A\u00e9roplan et utilisez ce num\u00e9ro\u00a0A\u00e9roplan lors de votre prochain s\u00e9jour admissible. Le concours se d\u00e9roulera du &hellip; <a href=\"https:\/\/staging-admin.parknfly.ca\/fr\/aeroplan-concurs\/\">Continuer<\/a><\/p>\n","protected":false},"author":10,"featured_media":0,"parent":0,"menu_order":0,"comment_status":"closed","ping_status":"closed","template":"","meta":{"_acf_changed":false,"_monsterinsights_skip_tracking":false,"_monsterinsights_sitenote_active":false,"_monsterinsights_sitenote_note":"","_monsterinsights_sitenote_category":0,"footnotes":""},"yst_prominent_words":[2403],"class_list":["post-18068","page","type-page","status-publish","hentry"],"acf":[],"_links":{"self":[{"href":"https:\/\/staging-admin.parknfly.ca\/fr\/wp-json\/wp\/v2\/pages\/18068","targetHints":{"allow":["GET"]}}],"collection":[{"href":"https:\/\/staging-admin.parknfly.ca\/fr\/wp-json\/wp\/v2\/pages"}],"about":[{"href":"https:\/\/staging-admin.parknfly.ca\/fr\/wp-json\/wp\/v2\/types\/page"}],"author":[{"embeddable":true,"href":"https:\/\/staging-admin.parknfly.ca\/fr\/wp-json\/wp\/v2\/users\/10"}],"replies":[{"embeddable":true,"href":"https:\/\/staging-admin.parknfly.ca\/fr\/wp-json\/wp\/v2\/comments?post=18068"}],"version-history":[{"count":61,"href":"https:\/\/staging-admin.parknfly.ca\/fr\/wp-json\/wp\/v2\/pages\/18068\/revisions"}],"predecessor-version":[{"id":20801,"href":"https:\/\/staging-admin.parknfly.ca\/fr\/wp-json\/wp\/v2\/pages\/18068\/revisions\/20801"}],"wp:attachment":[{"href":"https:\/\/staging-admin.parknfly.ca\/fr\/wp-json\/wp\/v2\/media?parent=18068"}],"wp:term":[{"taxonomy":"yst_prominent_words","embeddable":true,"href":"https:\/\/staging-admin.parknfly.ca\/fr\/wp-json\/wp\/v2\/yst_prominent_words?post=18068"}],"curies":[{"name":"wp","href":"https:\/\/api.w.org\/{rel}","templated":true}]}}