{"id":17996,"date":"2022-10-04T18:42:14","date_gmt":"2022-10-04T18:42:14","guid":{"rendered":"https:\/\/staging-admin.parknfly.ca\/?page_id=17996"},"modified":"2022-10-24T18:37:09","modified_gmt":"2022-10-24T18:37:09","slug":"reglesaeroplan","status":"publish","type":"page","link":"https:\/\/staging-admin.parknfly.ca\/fr\/reglesaeroplan\/","title":{"rendered":"2022 Aeroplan Contest Rules FR"},"content":{"rendered":"\t\t<div data-elementor-type=\"wp-page\" data-elementor-id=\"17996\" class=\"elementor elementor-17996 elementor-17986\" data-elementor-post-type=\"page\">\n\t\t\t\t\t\t<section class=\"elementor-section elementor-top-section elementor-element elementor-element-d13beb7 elementor-section-boxed elementor-section-height-default elementor-section-height-default\" data-id=\"d13beb7\" data-element_type=\"section\">\n\t\t\t\t\t\t<div class=\"elementor-container elementor-column-gap-default\">\n\t\t\t\t\t<div class=\"elementor-column elementor-col-50 elementor-top-column elementor-element elementor-element-439e540\" data-id=\"439e540\" data-element_type=\"column\">\n\t\t\t<div class=\"elementor-widget-wrap elementor-element-populated\">\n\t\t\t\t\t\t<div class=\"elementor-element elementor-element-52095d8 elementor-widget elementor-widget-heading\" data-id=\"52095d8\" data-element_type=\"widget\" data-widget_type=\"heading.default\">\n\t\t\t\t<div class=\"elementor-widget-container\">\n\t\t\t<h1 class=\"elementor-heading-title elementor-size-default\">Concours A\u00e9roplan 2022<br>R\u00e8gles et r\u00e8glements du concours<\/h1>\t\t<\/div>\n\t\t\t\t<\/div>\n\t\t\t\t<div class=\"elementor-element elementor-element-d9e488b elementor-widget elementor-widget-text-editor\" data-id=\"d9e488b\" data-element_type=\"widget\" data-widget_type=\"text-editor.default\">\n\t\t\t\t<div class=\"elementor-widget-container\">\n\t\t\t\t\t\t\t<p>1.&nbsp;&nbsp; &nbsp;COMMANDITAIRE DU CONCOURS: Park\u2019N Fly Canada.<\/p>\n<p>2.&nbsp;&nbsp; &nbsp;P\u00c9RIODE DU CONCOURS: Le concours d\u00e9bute \u00e0 minuit une (HE) le 1er novembre 2022 et se termine \u00e0 23h59 (HE) le 15 d\u00e9cembre 2022 (\u00ab P\u00e9riode du concours \u00bb).<\/p>\n<p>A)&nbsp;&nbsp; &nbsp;COMMENT PARTICIPER \u2013&nbsp;S\u2019inscrire et s\u00e9journer dans un emplacement participant Park\u2019N Fly. Pour avoir le droit de courir la chance de gagner, les participants doivent compl\u00e9ter les deux \u00e9tapes mentionn\u00e9es ci-bas.<\/p>\n<p>\u00c9tape 1 : Les participants doivent enregistrer leur num\u00e9ro de compte A\u00e9roplan valide \u00e0 staging.parknfly.ca\/aeroplancontest-register. L\u2019enregistrement du num\u00e9ro de compte A\u00e9roplan doit \u00eatre soumis avec succ\u00e8s sur la page d\u2019enregistrement au plus tard le 15 d\u00e9cembre 20232 \u00e0 23 h 59 HE<br>\u00c9tape 2 : Les participants doivent ajouter leur num\u00e9ro de compte A\u00e9roplan \u00e0 une transaction Park\u2019N Fly et compl\u00e9ter le s\u00e9jour de stationnement (enregistrement et d\u00e9part). Les participants peuvent ajouter le num\u00e9ro A\u00e9roplan \u00e0 un s\u00e9jour de stationnement admissible en pr\u00e9sentant leur carte A\u00e9roplan \u00e0 la caisse, en ajoutant le num\u00e9ro A\u00e9roplan lorsqu\u2019ils r\u00e9servent \u00e0 parknfly.ca, ou se connecter dans leur compte du programme de R\u00e9compenses Park\u2019N Fly et enregistrer le num\u00e9ro A\u00e9roplan dans leur profil du Programme de R\u00e9compenses Park\u2019N Fly pour ensuite effectuer une r\u00e9servation \u00e0 parknfly.ca ou dans l\u2019application Park\u2019N Fly. Une participation par s\u00e9jour compl\u00e9t\u00e9 admissible (enregistrement et d\u00e9part) aux emplacements de Park\u2019N Fly \u00e0 Toronto, Vancouver, Winnipeg, Edmonton, Ottawa et Halifax est permise pendant toute la dur\u00e9e du concours. Exclus les s\u00e9jours aux emplacements de Park\u2019N Fly \u00e0 Montr\u00e9al. L&#8217;enregistrement doit avoir lieu le ou apr\u00e8s le 1er novembre 2022 et le d\u00e9part doit avoir lieu le ou avant le 15 d\u00e9cembre 2022. Les participants doivent avoir compl\u00e9ter l\u2019\u00e9tape 1 et 2 pour avoir le droit de courir la chance de gagner le Grand Prix.<\/p>\n<p>B)&nbsp;&nbsp; &nbsp;COMMENT PARTICIPER &#8211; Aucun achat n\u00e9cessaire : Pour une inscription sans achat, les participants doivent enregistrer leur num\u00e9ro de compte A\u00e9roplan \u00e0 http:\/\/staging.parknfly.ca\/aeroplancontest-register et par la suite envoyez leur nom, leur adresse postale compl\u00e8te, leur num\u00e9ro de t\u00e9l\u00e9phone et leur num\u00e9ro de membre A\u00e9roplan dans une enveloppe affranchie \u00e0 l\u2019adresse suivante : Concours A\u00e9roplan Park\u2019N Fly, A\/S Service du marketing Park\u2019N Fly, 5905 Campus Road, Mississauga, Ontario, L4V 1P9. Toutes les inscriptions d\u2019achat doivent \u00eatre re\u00e7ues au plus tard le 15 d\u00e9cembre 2022 \u00e0 17 h (HE).<\/p>\n<p><\/p>\n<p><span style=\"font-size: 1.125rem;\">3.&nbsp;&nbsp; &nbsp;PRIX: Il y a un (1) Grand Prix \u00e0 gagner. Le prix comprend 100 000 points A\u00e9roplan. Valeur approximative du prix \u2013 1 600 $ CAN.<\/span><\/p>\n<p>4.&nbsp;&nbsp; &nbsp;CONDITIONS ATTACH\u00c9ES AU PRIX:<\/p>\n<div>I.&nbsp;&nbsp; &nbsp;Le prix ne peut \u00eatre \u00e9chang\u00e9, transf\u00e9r\u00e9 ou substitu\u00e9 contre de l\u2019argent comptant.<\/div>\n<div>&nbsp;<\/div>\n<div>II.&nbsp;&nbsp; Le Grand Prix sera tir\u00e9 au hasard parmi toutes les inscriptions et les inscriptions sans achat soumises ou effectu\u00e9es entre le 1er novembre 2022 et le 15 d\u00e9cembre 2022. Le tirage aura lieu au bureau de Park\u2019N Fly situ\u00e9 au 5905 Campus Road, Mississauga, Ontario, L4V 1P9 le 19 d\u00e9cembre 2022 \u00e0 10h00 (HE). Les chances de gagner d\u00e9pendent du nombre d\u2019inscriptions admissibles pendant la P\u00e9riode du concours.<\/div>\n<div>&nbsp;<span style=\"font-size: 1.125rem;\">&nbsp;<\/span><\/div>\n<div>III.&nbsp;&nbsp; &nbsp;Le Grand Prix sera attribu\u00e9 comme indiqu\u00e9 dans la section 3; Prix.<\/div>\n<div>&nbsp;<\/div>\n<div>IV.&nbsp;&nbsp; &nbsp;Le prix doit \u00eatre accept\u00e9 tel quel. Le prix ne peut \u00eatre utilis\u00e9 conjointement avec une autre promotion ou offre, ne peut pas \u00eatre s\u00e9par\u00e9 et doit \u00eatre accept\u00e9 tel quel. La substitution d\u2019\u00e9quivalent en esp\u00e8ces ne sera pas disponible et ne peut \u00eatre transf\u00e9r\u00e9e \u00e0 une autre personne.<\/div>\n<div>&nbsp;<\/div>\n<div>V.&nbsp;&nbsp; &nbsp;L\u2019adh\u00e9sion \u00e0 A\u00e9roplan doit \u00eatre en r\u00e8gle au moment du tirage du concours pour \u00eatre admissible \u00e0 gagner.<\/div>\n<div>&nbsp;<\/div>\n<p>VI.&nbsp;&nbsp; &nbsp;En participant au concours, chaque participant admissible reconna\u00eet et accepte que le concours n\u2019est en aucune fa\u00e7on parrain\u00e9, endoss\u00e9, administr\u00e9 par A\u00e9roplan, sa soci\u00e9t\u00e9 m\u00e8re Air Canada et chacune de ses filiales et soci\u00e9t\u00e9s affili\u00e9es respectives, et qu\u2019il n\u2019y est pas associ\u00e9; et que Park\u2019N Fly est enti\u00e8rement responsable de la conduite et de l\u2019administration du concours, y compris de la s\u00e9lection du (des) gagnant(s) et de la distribution des prix.<\/p>\n<div>VII.&nbsp;&nbsp; &nbsp; Le prix A\u00e9roplan doit \u00eatre accept\u00e9 tel quel. Les points A\u00e9roplan n\u2019ont pas de valeur de rachat, mais ils peuvent \u00eatre \u00e9chang\u00e9s dans le cadre du programme A\u00e9roplan pour des vols et d\u2019autres r\u00e9compenses. La valeur au d\u00e9tail des r\u00e9compenses obtenues au moyen des points A\u00e9roplan variera en fonction d\u2019un \u00e9ventail de facteurs, y compris le type de r\u00e9compense \u00e9mise, dont les d\u00e9tails se trouvent \u00e0 l\u2019adresse <a href=\"https:\/\/www.aircanada.com\/ca\/fr\/aco\/home\/aeroplan.html#\/\">https:\/\/www.aircanada.com\/ca\/fr\/aco\/home\/aeroplan.html#\/<\/a>. Les points A\u00e9roplan ne peuvent \u00eatre \u00e9chang\u00e9s que conform\u00e9ment aux conditions g\u00e9n\u00e9rales du programme A\u00e9roplan. Les modalit\u00e9s compl\u00e8tes du programme A\u00e9roplan sont disponibles en ligne \u00e0 <a href=\"https:\/\/www.aircanada.com\/ca\/fr\/aco\/home\/aeroplan\/legal\/terms-and-conditions.html#\/\">https:\/\/www.aircanada.com\/ca\/fr\/aco\/home\/aeroplan\/legal\/terms-and-conditions.html#\/<\/a>.&nbsp;&nbsp;<\/div>\n<div>&nbsp;<\/div>\n<div>VIII.&nbsp;&nbsp; &nbsp;\u00aeA\u00e9roplan est une marque de commerce d\u00e9pos\u00e9e d\u2019A\u00e9roplan Inc. et \u00aeAir Canada et le logo de la feuille d\u2019\u00e9rable d\u2019Air Canada sont des marques de commerce d\u00e9pos\u00e9es d\u2019Air Canada utilis\u00e9es sous licence d\u2019autorisation.<\/div>\n<div>&nbsp;<\/div>\n<div>IX.&nbsp;&nbsp; &nbsp;En participant au Concours, chaque participant admissible s\u2019engage \u00e0 prot\u00e9ger et \u00e0 tenir indemne de toutes responsabilit\u00e9 A\u00e9roplan, sa soci\u00e9t\u00e9 m\u00e8re Air Canada, ses filiales et soci\u00e9t\u00e9s affili\u00e9es, et chacun de leurs dirigeants, administrateurs, employ\u00e9s, agents, repr\u00e9sentants respectifs, les sous-traitants et les soci\u00e9t\u00e9s affili\u00e9es \u00e0 l\u2019\u00e9gard de toute r\u00e9clamation ou action, perte, amende ou frais juridiques qui d\u00e9coulent, directement ou indirectement, du Concours et de son administration, du Prix du Concours et de toute activit\u00e9 connexe.&nbsp;&nbsp;<\/div>\n<div>&nbsp;<\/div>\n<p>5.&nbsp;&nbsp; &nbsp;COMMENT GAGNER: Pour \u00eatre d\u00e9clar\u00e9 gagnant du Grand Prix, le gagnant s\u00e9lectionn\u00e9s doivent d&#8217;abord r\u00e9pondre correctement, sans aide et dans un temps limit\u00e9, \u00e0 une question d&#8217;habilet\u00e9 math\u00e9matique, pos\u00e9e par t\u00e9l\u00e9phone ou par courriel, \u00e0 un moment mutuellement convenu. Les participants admissibles fournissant une r\u00e9ponse incorrecte ne seront plus admissibles \u00e0 gagner un prix dans ce concours. De plus, avant d&#8217;\u00eatre d\u00e9clar\u00e9 gagnant du Grand Prix, le gagnant devra signer un formulaire standard de renonciation et d&#8217;indemnisation sp\u00e9cifique au Grand Prix confirmant la compr\u00e9hension, le respect et l&#8217;acceptation des r\u00e8glements du concours ainsi que l&#8217;acceptation du Grand Prix tel qu\u2019attribu\u00e9 ainsi qu\u2019une d\u00e9charge de toute responsabilit\u00e9 satisfaisant le Commanditaire du Concours et retourner lesdits formulaires sign\u00e9s \u00e0 celui-ci.&nbsp; &nbsp;<\/p>\n<p>6.&nbsp;&nbsp; &nbsp;ADMISSIBILIT\u00c9: Le concours est ouvert uniquement aux r\u00e9sidents du Canada, excluant le Qu\u00e9bec. Les participants doivent \u00eatre \u00e2g\u00e9s de plus de 18 ans \u00e0 la date du tirage. Les employ\u00e9s, les membres de la famille imm\u00e9diate et les membres du m\u00e9nage de ces employ\u00e9s du Commanditaire du Concours et de leurs soci\u00e9t\u00e9s affili\u00e9es et agences de publicit\u00e9 et de promotion sont exclus du Concours. Cela comprend Park\u2019N Fly Canada, Air Canada, ainsi que les filiales, les soci\u00e9t\u00e9s affili\u00e9es, les divisions, les partenaires, les fournisseurs, les imprimeurs, les distributeurs et les agences de publicit\u00e9 respectifs du Commanditaire du Concours et les membres de la famille imm\u00e9diate et du m\u00e9nage. Dans ces r\u00e8gles, la famille imm\u00e9diate est d\u00e9finie comme le conjoint, le partenaire familial, les enfants, les fr\u00e8res et s\u0153urs, les parents et les beaux-parents.<\/p>\n<p>7.&nbsp;&nbsp; &nbsp;CONDITIONS D\u2019INSCRIPTION: Les participants (i) reconnaissent la conformit\u00e9 avec ces r\u00e8glements officiels, y compris toutes les exigences d\u2019admissibilit\u00e9 et, (ii) acceptent d\u2019\u00eatre li\u00e9s par les d\u00e9cisions des juges du Concours, prises \u00e0 leur seule discr\u00e9tion, lesquelles seront d\u00e9finitives et li\u00e9es \u00e0 tout ce qui concerne le Concours. Les participants qui ne se sont pas conform\u00e9s \u00e0 ces R\u00e8glements officiels pourront \u00eatre disqualifi\u00e9s.<\/p>\n<p>8.&nbsp;&nbsp; &nbsp;RESPONSABILIT\u00c9: Les participants et\/ou gagnants assument la responsabilit\u00e9 des blessures caus\u00e9es ou pr\u00e9tendues caus\u00e9es par la participation au concours ou par l\u2019acceptation, la possession ou l\u2019utilisation de tout prix attribu\u00e9, y compris, mais non limit\u00e9 aux r\u00e9clamations\/dommages pour blessures personnelles ou dommages mat\u00e9riels.<\/p>\n<p>9.&nbsp;&nbsp; &nbsp;RESPONSABILT\u00c9: Les participants et\/ou les gagnants acceptent de renoncer \u00e0 toute r\u00e9clamation contre le commanditaire du concours et\/ou l&#8217;un de ses agents et d\u00e9gagent le commanditaire du concours et ses agents de toute responsabilit\u00e9 d\u00e9coulant de blessures, de dommages mat\u00e9riels ou de toute autre perte subie par le participant et\/ou le gagnant \u00e0 la suite de la participation au concours en raison de quelque cause que ce soit, y compris la n\u00e9gligence ou le devoir de diligence du commanditaire du concours et\/ou de l&#8217;un de ses agents.<\/p>\n<p>10.&nbsp;&nbsp; &nbsp;ACCEPTATION DU PRIX: En acceptant le prix, le gagnant consent \u00e0 ce que les organisateurs du concours publient ou annoncent le nom du gagnant du Prix, fassent para\u00eetre des photographies dans des publicit\u00e9s futures et ceci, sans permission ou compensation. En participant \u00e0 ce concours, le gagnant du Grand Prix consent \u00e0 la reproduction illimit\u00e9e, \u00e0 la publication et la distribution de photographies par Air Canada et\/ou Park\u2019N Fly sous toutes formes et dans tous les m\u00e9dias, y compris la publicit\u00e9, le commerce, l\u2019affichage, l\u2019\u00e9ditorial, les arts, les divertissements, la production de vid\u00e9os, les expositions, les m\u00e9dias sociaux et le contenu du site Web.<\/p>\n<p>11.&nbsp;&nbsp; &nbsp;LIVRAISON DU PRIX: Les points A\u00e9roplan seront automatiquement d\u00e9pos\u00e9s dans le compte A\u00e9roplan&nbsp; du gagnant dans les trente (30) jours suivant la date \u00e0 laquelle le gagnant aura r\u00e9pondu avec succ\u00e8s \u00e0 la question d\u2019\u00e9valuation des comp\u00e9tences et soumis le formulaire de renonciation rempli, comme il est indiqu\u00e9 \u00e0 la section 5. &nbsp;<\/p>\n<p>12.&nbsp;&nbsp; &nbsp;RENONCIATIONS : En participant \u00e0 ce concours, les participants confirment qu\u2019ils ont lu et compris les pr\u00e9sents r\u00e8glements. Les participants conviennent \u00e9galement, s\u2019ils deviennent des gagnants admissibles, qu\u2019ils signeront une d\u00e9claration de conformit\u00e9 aux r\u00e8gles et un formulaire de renonciation lib\u00e9rant le Commanditaire du Concours et les soci\u00e9t\u00e9s affili\u00e9es, les soci\u00e9t\u00e9s m\u00e8res, les filiales, les administrateurs, les dirigeants, les employ\u00e9s, les agents et les agences de publicit\u00e9 et de promotion (collectivement, les Renonciations), de toute r\u00e9clamation ou responsabilit\u00e9 de quelque nature que ce soit d\u00e9coulant du concours ou d\u2019un prix, y compris, sans s\u2019y limiter, les r\u00e9clamations ou la responsabilit\u00e9 en lien avec l\u2019acceptation, l\u2019utilisation ou l\u2019utilisation abusive du prix attribu\u00e9. Tous les documents doivent \u00eatre remplis et retourn\u00e9s dans le d\u00e9lai indiqu\u00e9 sur ces documents ou le prix peut \u00eatre confisqu\u00e9.<\/p>\n<p>13.&nbsp;&nbsp; &nbsp;AVIS DE NON-RESPONSABILIT\u00c9: a) Toutes les participations deviennent la propri\u00e9t\u00e9 du Commanditaire du Concours, qui ne sera pas responsable des participations perdues, vol\u00e9es, en retard, endommag\u00e9es ou mal achemin\u00e9es; de toute d\u00e9faillance du site Web pendant la p\u00e9riode promotionnelle; pour tout probl\u00e8me ou dysfonctionnement technique d\u2019un r\u00e9seau ou des lignes t\u00e9l\u00e9phoniques, d\u2019un syst\u00e8me informatique en ligne, des serveurs, des fournisseurs d\u2019acc\u00e8s, d\u2019un \u00e9quipement informatique ou d\u2019un logiciel; en cas de d\u00e9faut de r\u00e9ception d\u2019un courriel ou d\u2019un bulletin de participation par le Commanditaire du Concours pour quelque raison que ce soit, notamment, sans limitation, en raison de probl\u00e8mes techniques ou de congestion du trafic sur Internet ou sur tout site Web, ou toute combinaison de ceux-ci; ou pour toute blessure ou dommage \u00e0 l\u2019ordinateur d\u2019un participant ou de toute autre personne li\u00e9 \u00e0 ou r\u00e9sultant de la participation ou du t\u00e9l\u00e9chargement de tout mat\u00e9riel dans le concours. Toutes les entr\u00e9es sont sujettes \u00e0 v\u00e9rification et seront d\u00e9clar\u00e9es invalides si elles sont inadmissibles, incompl\u00e8tes, falsifi\u00e9es, falsifi\u00e9es, alt\u00e9r\u00e9es ou alt\u00e9r\u00e9es de quelque fa\u00e7on que ce soit.<\/p>\n<p>14.&nbsp;&nbsp; &nbsp;DIVULGATIONS : Toute tentative par un participant ou une autre personne d\u2019endommager d\u00e9lib\u00e9r\u00e9ment un site Web ou de nuire au fonctionnement l\u00e9gitime du Concours, y compris, mais sans s\u2019y limiter, toute r\u00e9clamation frauduleuse, pourrait \u00eatre en violation des lois p\u00e9nales et civiles. Si une telle tentative est faite, le Commanditaire du Concours se r\u00e9serve le droit de demander r\u00e9paration et dommages-int\u00e9r\u00eats \u00e0 toute personne, dans toute la mesure permise par la loi, y compris les poursuites criminelles. Les participants qui participent \u00e0 l\u2019une ou l\u2019autre des activit\u00e9s susmentionn\u00e9es seront disqualifi\u00e9s et perdront tout prix gagn\u00e9.<\/p>\n<p>15.&nbsp;&nbsp; &nbsp;Tous les probl\u00e8mes et questions concernant la construction, la validit\u00e9, l\u2019interpr\u00e9tation et l\u2019applicabilit\u00e9 du pr\u00e9sent R\u00e8glement officiel, ou les droits et obligations du participant et du Commanditaire du Concours dans le cadre du Concours, seront r\u00e9gies et interpr\u00e9t\u00e9es conform\u00e9ment aux lois de fond de la province de l\u2019Ontario sans \u00e9gard aux principes de conflits de lois de l\u2019Ontario. Tous les participants consentent \u00e0 la comp\u00e9tence et au lieu de travail de la province de l\u2019Ontario.<\/p>\n<p>16.&nbsp;&nbsp; &nbsp;L\u2019invalidit\u00e9 ou l\u2019inapplicabilit\u00e9 de toute disposition du pr\u00e9sent R\u00e8glement officiel n\u2019affectera pas la validit\u00e9 ou l\u2019applicabilit\u00e9 de toute autre disposition. Dans le cas o\u00f9 une disposition est jug\u00e9e invalide ou autrement inapplicable ou ill\u00e9gale, le pr\u00e9sent R\u00e8glement officiel demeurera en vigueur et sera interpr\u00e9t\u00e9 conform\u00e9ment \u00e0 leurs conditions comme si la disposition invalide ou ill\u00e9gale n\u2019\u00e9tait pas contenue dans les pr\u00e9sentes. En particulier, les employ\u00e9s du Commanditaire du Concours ne sont pas autoris\u00e9s \u00e0 renoncer, \u00e0 modifier ou \u00e0 modifier de quelque fa\u00e7on que ce soit les dispositions du pr\u00e9sent R\u00e8glement officiel.<\/p>\n<p>17.&nbsp;&nbsp; &nbsp;Les renseignements personnels recueillis aupr\u00e8s des participants seront utilis\u00e9s par le Commanditaire du Concours aux fins de l\u2019administration du Concours. Le Commanditaire du Concours ne vendra pas, ne partagera pas et ne divulguera pas autrement les renseignements personnels des participants \u00e0 des tiers, sauf \u00e0 des tiers engag\u00e9s par le Commanditaire du Concours pour remplir les fins ci-dessus ou conform\u00e9ment \u00e0 la loi. En participant au Concours, le participant consent aux modalit\u00e9s de collecte, d\u2019utilisation et de divulgation des renseignements personnels \u00e9nonc\u00e9es dans la Politique de confidentialit\u00e9 du Commanditaire du Concours disponible \u00e0 https:\/\/staging.parknfly.ca\/fr\/politique-de-confidentialite\/.<\/p>\n<p>18.&nbsp;&nbsp; &nbsp;Les R\u00e8glements du Concours et les d\u00e9cisions des juges du Concours choisis par le Commanditaire du Concours sont d\u00e9finitifs.&nbsp; Tous les commentaires soumis dans le cadre du sondage deviennent la propri\u00e9t\u00e9 du Commanditaire du Concours sans paiement d\u2019aucune r\u00e9mun\u00e9ration en plus du prix attribu\u00e9 aux participants gagnants.<\/p>\n<p>19.&nbsp;&nbsp; &nbsp;Le Commanditaire se r\u00e9serve le droit, \u00e0 sa discr\u00e9tion absolue, d\u2019effectuer des substitutions de nature ou de valeur \u00e9quivalentes en cas d\u2019indisponibilit\u00e9 d\u2019un \u00e9l\u00e9ment du prix s\u00e9lectionn\u00e9 pour quelque raison que ce soit.<\/p>\n<p>20.&nbsp;&nbsp; &nbsp;MODIFICATION DU CONCOURS: Les organisateurs du concours se r\u00e9servent le droit, \u00e0 leur seule discr\u00e9tion, d\u2019annuler, de r\u00e9silier, de modifier ou de suspendre le concours, en tout ou en partie, en cas d\u2019\u00e9v\u00e9nement ou d\u2019intervention humaine susceptible de modifier ou d\u2019affecter la gestion, la s\u00e9curit\u00e9, l\u2019impartialit\u00e9 ou le fonctionnement du concours pr\u00e9vu aux pr\u00e9sentes, sous r\u00e9serve de l\u2019approbation de la R\u00e9gie des alcools, des courses et des jeux du Qu\u00e9bec, le cas \u00e9ch\u00e9ant. En cas de fraude, de d\u00e9faillance technique, y compris toute d\u00e9faillance du serveur ou du mat\u00e9riel r\u00e9seau, de virus, de bogues, d\u2019erreurs de programmation ou de toute autre erreur ou cause \u00e9chappant au contr\u00f4le de l\u2019administration corrompue ou mena\u00e7ant de le corrompre, l\u2019int\u00e9grit\u00e9 ou la s\u00e9curit\u00e9 du concours ou si tout autre facteur interf\u00e8re avec le d\u00e9roulement du Concours tel que pr\u00e9vu par le pr\u00e9sent r\u00e8glement officiel, ou pour toute autre raison \u00e0 la seule discr\u00e9tion du Commanditaire du Concours.<\/p>\n<p>21.&nbsp;&nbsp; &nbsp;R\u00e8glements officiels :<\/p>\n<div>Pour obtenir une copie des r\u00e8glements officiels, faire parvenir une enveloppe pr\u00e9-adress\u00e9e et affranchie \u00e0: Park\u2019N Fly Canada, 5905 Campus Road, Mississauga, Ontario, L4V 1P9. Les demandes doivent \u00eatre re\u00e7ues au plus tard le 15 d\u00e9cembre 2022 \u00e0 23h59 (HE).<\/div>\n<div>&nbsp;<\/div>\n<p>22.&nbsp;&nbsp; &nbsp;Nom du gagnant officiel :<\/p>\n<p>Pour obtenir le nom du gagnant officiel, faire parvenir une enveloppe pr\u00e9-adress\u00e9e et affranchie \u00e0: Park\u2019N Fly Canada, 5905 Campus Road, Mississauga, Ontario, L4V 1P9. Les demandes doivent \u00eatre re\u00e7ues au plus tard le&nbsp;<span style=\"font-size: 1.125rem;\">22 d\u00e9cembre 2022 \u00e0 23h59 (HE).<\/span><\/p>\t\t\t\t\t\t<\/div>\n\t\t\t\t<\/div>\n\t\t\t\t\t<\/div>\n\t\t<\/div>\n\t\t\t\t<div class=\"elementor-column elementor-col-50 elementor-top-column elementor-element elementor-element-fe40669\" data-id=\"fe40669\" data-element_type=\"column\">\n\t\t\t<div class=\"elementor-widget-wrap\">\n\t\t\t\t\t\t\t<\/div>\n\t\t<\/div>\n\t\t\t\t\t<\/div>\n\t\t<\/section>\n\t\t\t\t<\/div>\n\t\t","protected":false},"excerpt":{"rendered":"<p>Concours A\u00e9roplan 2022 R\u00e8gles et r\u00e8glements du concours 1.\u00a0\u00a0 \u00a0COMMANDITAIRE DU CONCOURS: Park\u2019N Fly Canada. 2.\u00a0\u00a0 \u00a0P\u00c9RIODE DU CONCOURS: Le concours d\u00e9bute \u00e0 minuit une (HE) le 1er novembre 2022 et se termine \u00e0 23h59 (HE) le 15 d\u00e9cembre 2022 (\u00ab P\u00e9riode du concours \u00bb). A)\u00a0\u00a0 \u00a0COMMENT PARTICIPER \u2013\u00a0S\u2019inscrire et s\u00e9journer dans un emplacement participant &hellip; <a href=\"https:\/\/staging-admin.parknfly.ca\/fr\/reglesaeroplan\/\">Continuer<\/a><\/p>\n","protected":false},"author":10,"featured_media":0,"parent":0,"menu_order":0,"comment_status":"closed","ping_status":"closed","template":"","meta":{"_acf_changed":false,"_monsterinsights_skip_tracking":false,"_monsterinsights_sitenote_active":false,"_monsterinsights_sitenote_note":"","_monsterinsights_sitenote_category":0,"footnotes":""},"yst_prominent_words":[38],"class_list":["post-17996","page","type-page","status-publish","hentry"],"acf":[],"_links":{"self":[{"href":"https:\/\/staging-admin.parknfly.ca\/fr\/wp-json\/wp\/v2\/pages\/17996","targetHints":{"allow":["GET"]}}],"collection":[{"href":"https:\/\/staging-admin.parknfly.ca\/fr\/wp-json\/wp\/v2\/pages"}],"about":[{"href":"https:\/\/staging-admin.parknfly.ca\/fr\/wp-json\/wp\/v2\/types\/page"}],"author":[{"embeddable":true,"href":"https:\/\/staging-admin.parknfly.ca\/fr\/wp-json\/wp\/v2\/users\/10"}],"replies":[{"embeddable":true,"href":"https:\/\/staging-admin.parknfly.ca\/fr\/wp-json\/wp\/v2\/comments?post=17996"}],"version-history":[{"count":17,"href":"https:\/\/staging-admin.parknfly.ca\/fr\/wp-json\/wp\/v2\/pages\/17996\/revisions"}],"predecessor-version":[{"id":18310,"href":"https:\/\/staging-admin.parknfly.ca\/fr\/wp-json\/wp\/v2\/pages\/17996\/revisions\/18310"}],"wp:attachment":[{"href":"https:\/\/staging-admin.parknfly.ca\/fr\/wp-json\/wp\/v2\/media?parent=17996"}],"wp:term":[{"taxonomy":"yst_prominent_words","embeddable":true,"href":"https:\/\/staging-admin.parknfly.ca\/fr\/wp-json\/wp\/v2\/yst_prominent_words?post=17996"}],"curies":[{"name":"wp","href":"https:\/\/api.w.org\/{rel}","templated":true}]}}