{"id":15870,"date":"2021-09-10T20:30:12","date_gmt":"2021-09-10T20:30:12","guid":{"rendered":"https:\/\/staging-admin.parknfly.ca\/addamsfamily2contest\/"},"modified":"2021-09-15T13:05:47","modified_gmt":"2021-09-15T13:05:47","slug":"addamsfamily2contest","status":"publish","type":"page","link":"https:\/\/staging-admin.parknfly.ca\/fr\/addamsfamily2contest\/","title":{"rendered":"Concours Famille Addams 2 &#8211; 2021"},"content":{"rendered":"\t\t<div data-elementor-type=\"wp-page\" data-elementor-id=\"15870\" class=\"elementor elementor-15870 elementor-15852\" data-elementor-post-type=\"page\">\n\t\t\t\t\t\t<section class=\"elementor-section elementor-top-section elementor-element elementor-element-654a8d5 elementor-section-height-min-height elementor-section-items-bottom sub-banner elementor-section-boxed elementor-section-height-default\" data-id=\"654a8d5\" data-element_type=\"section\" data-settings=\"{&quot;background_background&quot;:&quot;classic&quot;}\">\n\t\t\t\t\t\t\t<div class=\"elementor-background-overlay\"><\/div>\n\t\t\t\t\t\t\t<div class=\"elementor-container elementor-column-gap-default\">\n\t\t\t\t\t<div class=\"elementor-column elementor-col-100 elementor-top-column elementor-element elementor-element-1e74401\" data-id=\"1e74401\" data-element_type=\"column\">\n\t\t\t<div class=\"elementor-widget-wrap elementor-element-populated\">\n\t\t\t\t\t\t<div class=\"elementor-element elementor-element-a0b2d2d elementor-widget elementor-widget-heading\" data-id=\"a0b2d2d\" data-element_type=\"widget\" data-widget_type=\"heading.default\">\n\t\t\t\t<div class=\"elementor-widget-container\">\n\t\t\t<h1 class=\"elementor-heading-title elementor-size-default\">Presque tout le <br>monde aime <br>gagner<br><br><br><\/h1>\t\t<\/div>\n\t\t\t\t<\/div>\n\t\t\t\t\t<\/div>\n\t\t<\/div>\n\t\t\t\t\t<\/div>\n\t\t<\/section>\n\t\t\t\t<section class=\"elementor-section elementor-top-section elementor-element elementor-element-d13beb7 elementor-section-boxed elementor-section-height-default elementor-section-height-default\" data-id=\"d13beb7\" data-element_type=\"section\">\n\t\t\t\t\t\t<div class=\"elementor-container elementor-column-gap-default\">\n\t\t\t\t\t<div class=\"elementor-column elementor-col-50 elementor-top-column elementor-element elementor-element-439e540\" data-id=\"439e540\" data-element_type=\"column\">\n\t\t\t<div class=\"elementor-widget-wrap elementor-element-populated\">\n\t\t\t\t\t\t<div class=\"elementor-element elementor-element-52095d8 elementor-widget elementor-widget-heading\" data-id=\"52095d8\" data-element_type=\"widget\" data-widget_type=\"heading.default\">\n\t\t\t\t<div class=\"elementor-widget-container\">\n\t\t\t<h1 class=\"elementor-heading-title elementor-size-default\">Participez pour une chance de gagner une trousse de survie de vacances de la Famille Addams<\/h1>\t\t<\/div>\n\t\t\t\t<\/div>\n\t\t\t\t<div class=\"elementor-element elementor-element-d9e488b elementor-widget elementor-widget-text-editor\" data-id=\"d9e488b\" data-element_type=\"widget\" data-widget_type=\"text-editor.default\">\n\t\t\t\t<div class=\"elementor-widget-container\">\n\t\t\t\t\t\t\t<p>La famille effrayante pr\u00e9f\u00e9r\u00e9e de tous est de retour! La famille Addams 2 sortira en salles le 1er octobre et pour c\u00e9l\u00e9brer, Park&#8217;N Fly vous offre la chance de gagner une trousse de survie de vacances de la Famille Addams.<\/p><p>Gagnez tout ce dont vous aurez besoin pour que vos prochaines vacances soient d&#8217;un plaisir effrayant!<\/p><p>Un grand gagnant remportera :<\/p><p style=\"padding-left: 40px;\">\u2022 4 billets pour voir le film en salles<br \/>\u2022 Un casque d&#8217;\u00e9coute BuddyPhones Cosmos+ sans-fil<br \/>\u2022 Un ensemble de prix de la Famille Addams incluant un sac \u00e0 dos, un carnet de notes, un jeu de cartes et un ensemble de broches de la Famille Addams 2 qui brillent dans le noir<br \/>\u2022 Un 8-jours gratuit de stationnement Park&#8217;N Fly \u00e0 l&#8217;a\u00e9roport pour vos prochaines vacances en famille!<\/p><p>Ne disparaissez pas tel un fant\u00f4me et participez pour une chance de gagner aujourd&#8217;hui!<\/p><p>Le concours prend fin le 15 octobre 2021.<\/p>\t\t\t\t\t\t<\/div>\n\t\t\t\t<\/div>\n\t\t\t\t<div class=\"elementor-element elementor-element-fd50806 elementor-align-left elementor-widget__width-auto elementor-widget elementor-widget-button\" data-id=\"fd50806\" data-element_type=\"widget\" data-widget_type=\"button.default\">\n\t\t\t\t<div class=\"elementor-widget-container\">\n\t\t\t\t\t\t\t<div class=\"elementor-button-wrapper\">\n\t\t\t\t\t<a class=\"elementor-button elementor-button-link elementor-size-md\" href=\"https:\/\/www.surveymonkey.com\/r\/T5LFVP8\" target=\"_blank\">\n\t\t\t\t\t\t<span class=\"elementor-button-content-wrapper\">\n\t\t\t\t\t\t\t\t\t<span class=\"elementor-button-text\">Participez aujourd'hui! <\/span>\n\t\t\t\t\t<\/span>\n\t\t\t\t\t<\/a>\n\t\t\t\t<\/div>\n\t\t\t\t\t\t<\/div>\n\t\t\t\t<\/div>\n\t\t\t\t\t<\/div>\n\t\t<\/div>\n\t\t\t\t<div class=\"elementor-column elementor-col-50 elementor-top-column elementor-element elementor-element-fe40669\" data-id=\"fe40669\" data-element_type=\"column\">\n\t\t\t<div class=\"elementor-widget-wrap\">\n\t\t\t\t\t\t\t<\/div>\n\t\t<\/div>\n\t\t\t\t\t<\/div>\n\t\t<\/section>\n\t\t\t\t<section class=\"elementor-section elementor-top-section elementor-element elementor-element-de72a8a elementor-section-boxed elementor-section-height-default elementor-section-height-default\" data-id=\"de72a8a\" data-element_type=\"section\">\n\t\t\t\t\t\t<div class=\"elementor-container elementor-column-gap-default\">\n\t\t\t\t\t<div class=\"elementor-column elementor-col-100 elementor-top-column elementor-element elementor-element-f77fc9e\" data-id=\"f77fc9e\" data-element_type=\"column\">\n\t\t\t<div class=\"elementor-widget-wrap elementor-element-populated\">\n\t\t\t\t\t\t<div class=\"elementor-element elementor-element-7f0501a elementor-widget-divider--view-line elementor-widget elementor-widget-divider\" data-id=\"7f0501a\" data-element_type=\"widget\" data-widget_type=\"divider.default\">\n\t\t\t\t<div class=\"elementor-widget-container\">\n\t\t\t\t\t<div class=\"elementor-divider\">\n\t\t\t<span class=\"elementor-divider-separator\">\n\t\t\t\t\t\t<\/span>\n\t\t<\/div>\n\t\t\t\t<\/div>\n\t\t\t\t<\/div>\n\t\t\t\t<div class=\"elementor-element elementor-element-509aa2f elementor-widget elementor-widget-text-editor\" data-id=\"509aa2f\" data-element_type=\"widget\" data-widget_type=\"text-editor.default\">\n\t\t\t\t<div class=\"elementor-widget-container\">\n\t\t\t\t\t\t\t<p>*Aucun achat n&#8217;est n\u00e9cessaire. Le concours est ouvert \u00e0 tous les r\u00e9sidents du Canada incluant le Qu\u00e9bec \u00e2g\u00e9s de plus de 18 ans. Pour les r\u00e8gles du concours, visitez <a href=\"https:\/\/staging.parknfly.ca\/fr\/concours-famille-addams-2-2021\/\">staging.parknfly.ca\/fr\/concours-famille-addams-2-2021.<\/a> Le concours d\u00e9bute \u00e0 12:01AM (ET) le 15 septembre 2021 et prend fin \u00e0 11:59PM (ET) le 15 octobre 2021. Date du tirage: le 18 octobre 2021 \u00e0 9:00AM (ET). Park\u2019N Fly est une marque d\u00e9pos\u00e9e de 1884901 Alberta Ltd.<\/p>\t\t\t\t\t\t<\/div>\n\t\t\t\t<\/div>\n\t\t\t\t\t<\/div>\n\t\t<\/div>\n\t\t\t\t\t<\/div>\n\t\t<\/section>\n\t\t\t\t<\/div>\n\t\t","protected":false},"excerpt":{"rendered":"<p>Presque tout le monde aime gagner Participez pour une chance de gagner une trousse de survie de vacances de la Famille Addams La famille effrayante pr\u00e9f\u00e9r\u00e9e de tous est de retour! La famille Addams 2 sortira en salles le 1er octobre et pour c\u00e9l\u00e9brer, Park&#8217;N Fly vous offre la chance de gagner une trousse de &hellip; <a href=\"https:\/\/staging-admin.parknfly.ca\/fr\/addamsfamily2contest\/\">Continuer<\/a><\/p>\n","protected":false},"author":10,"featured_media":0,"parent":0,"menu_order":0,"comment_status":"closed","ping_status":"closed","template":"","meta":{"_acf_changed":false,"_monsterinsights_skip_tracking":false,"_monsterinsights_sitenote_active":false,"_monsterinsights_sitenote_note":"","_monsterinsights_sitenote_category":0,"footnotes":""},"yst_prominent_words":[],"class_list":["post-15870","page","type-page","status-publish","hentry"],"acf":[],"_links":{"self":[{"href":"https:\/\/staging-admin.parknfly.ca\/fr\/wp-json\/wp\/v2\/pages\/15870","targetHints":{"allow":["GET"]}}],"collection":[{"href":"https:\/\/staging-admin.parknfly.ca\/fr\/wp-json\/wp\/v2\/pages"}],"about":[{"href":"https:\/\/staging-admin.parknfly.ca\/fr\/wp-json\/wp\/v2\/types\/page"}],"author":[{"embeddable":true,"href":"https:\/\/staging-admin.parknfly.ca\/fr\/wp-json\/wp\/v2\/users\/10"}],"replies":[{"embeddable":true,"href":"https:\/\/staging-admin.parknfly.ca\/fr\/wp-json\/wp\/v2\/comments?post=15870"}],"version-history":[{"count":25,"href":"https:\/\/staging-admin.parknfly.ca\/fr\/wp-json\/wp\/v2\/pages\/15870\/revisions"}],"predecessor-version":[{"id":15942,"href":"https:\/\/staging-admin.parknfly.ca\/fr\/wp-json\/wp\/v2\/pages\/15870\/revisions\/15942"}],"wp:attachment":[{"href":"https:\/\/staging-admin.parknfly.ca\/fr\/wp-json\/wp\/v2\/media?parent=15870"}],"wp:term":[{"taxonomy":"yst_prominent_words","embeddable":true,"href":"https:\/\/staging-admin.parknfly.ca\/fr\/wp-json\/wp\/v2\/yst_prominent_words?post=15870"}],"curies":[{"name":"wp","href":"https:\/\/api.w.org\/{rel}","templated":true}]}}